{"id":84,"date":"2020-07-23T18:24:34","date_gmt":"2020-07-23T16:24:34","guid":{"rendered":"https:\/\/dokutec.de\/?page_id=84"},"modified":"2023-07-22T19:21:48","modified_gmt":"2023-07-22T17:21:48","slug":"taetigkeitsgebiet","status":"publish","type":"page","link":"https:\/\/dokutec.de\/zh\/taetigkeitsgebiet\/","title":{"rendered":"\u6d3b\u52d5\u9818\u57df"},"content":{"rendered":"<p>[et_pb_section fb_built=&#8220;1&#8243; admin_label=&#8220;section&#8220; _builder_version=&#8220;3.22&#8243;][et_pb_row padding_mobile=&#8220;off&#8220; column_padding_mobile=&#8220;on&#8220; admin_label=&#8220;row&#8220; _builder_version=&#8220;4.4.7&#8243; background_size=&#8220;initial&#8220; background_position=&#8220;top_left&#8220; background_repeat=&#8220;repeat&#8220; custom_padding=&#8220;67px|||||&#8220; make_fullwidth=&#8220;off&#8220; use_custom_width=&#8220;off&#8220; width_unit=&#8220;on&#8220;][et_pb_column type=&#8220;4_4&#8243; _builder_version=&#8220;3.25&#8243; custom_padding=&#8220;|||&#8220; custom_padding__hover=&#8220;|||&#8220;][et_pb_text admin_label=&#8220;Text&#8220; _builder_version=&#8220;4.4.7&#8243; background_size=&#8220;initial&#8220; background_position=&#8220;top_left&#8220; background_repeat=&#8220;repeat&#8220; text_orientation=&#8220;center&#8220; module_alignment=&#8220;center&#8220; custom_padding=&#8220;9px|||||&#8220;]<\/p>\n<h1>\u6211\u4eec\u7684\u4e1a\u52a1\u8303\u56f4<\/h1>\n<p>[\/et_pb_text][et_pb_divider color=&#8220;#919191&#8243; disabled_on=&#8220;on|on|off&#8220; admin_label=&#8220;Teiler&#8220; _builder_version=&#8220;3.23.4&#8243; height=&#8220;2px&#8220;] [\/et_pb_divider][et_pb_text _builder_version=&#8220;4.4.7&#8243;]<\/p>\n<h3>......\u5916\u6765\u8bed\u8a00\u6709\u70b9\u79bb\u9898\u3002<\/h3>\n<p>[\/et_pb_text][\/et_pb_column][\/et_pb_row][et_pb_row column_structure=&#8220;1_2,1_2&#8243; _builder_version=&#8220;4.4.7&#8243;][et_pb_column type=&#8220;1_2&#8243; _builder_version=&#8220;4.4.7&#8243;][et_pb_text _builder_version=&#8220;4.8.2&#8243;]Chinesisch wird in der Regel von links nach rechts geschrieben, in einzelnen F\u00e4llen bei z. B. Plakaten oder Annoncen von oben nach unten. Der Zeichenumfang asiatischer Sprachen ist sehr gro\u00df. Zum Vergleich: eine Arial f\u00fcr eine westliche, f\u00fcr die kyrillische, baltische, griechische, osteurop\u00e4ische, russische, arabische, hebr\u00e4ische und t\u00fcrkische Sprache hat eine Dateigr\u00f6\u00dfe von 266 KByte, eine asiatische dagegen 10499 KByte.<\/p>\n<p>Arabisch wird von rechts nach links geschrieben.[\/et_pb_text][\/et_pb_column][et_pb_column type=&#8220;1_2&#8243; _builder_version=&#8220;4.4.7&#8243;][et_pb_text _builder_version=&#8220;4.4.7&#8243;]<\/p>\n<p>\u5728Windows\u5b89\u88c5\u8bed\u8a00\u652f\u6301\u4e4b\u540e\uff0c\u53ef\u4ee5\u7528Word\u5904\u7406\u53ef\u7f16\u8f91\u5b57\u7b26\u3002\u8fd8\u5305\u62ec\u5fc5\u8981\u5b57\u4f53\u3002\u4e3a\u4e86\u8f93\u5165\u4e2d\u6587\u5b57\u7b26\uff0c\u5fc5\u987b\u5b89\u88c5\u8f93\u5165\u7cfb\u7edf\u624d\u80fd\u6839\u636e\u62c9\u4e01\u5b57\u6bcd\u987a\u5e8f\u8f93\u5165\u4e2d\u6587\u5b57\u7b26\u3002\u6211\u4eec\u4ea4\u4ed8\u7684\u6587\u4ef6\u5305\u62ec\u4e2d\u6587\u5b57\u7b26\u3002<\/p>\n<p>\u963f\u62c9\u4f2f\u6587\u5fc5\u987b\u53f3\u5bf9\u9f50\uff0c\u5e76\u4ece\u53f3\u5230\u5de6\u4e66\u5199\u3002\u53ef\u4ee5\u5728MS Office\u7684\u8bed\u8a00\u8bbe\u7f6e\u90e8\u5206\u6fc0\u6d3b\u6b64\u8bed\u8a00\u652f\u6301\u3002<\/p>\n<p>[\/et_pb_text][\/et_pb_column][\/et_pb_row][et_pb_row column_structure=&#8220;1_2,1_2&#8243; _builder_version=&#8220;4.4.7&#8243;][et_pb_column type=&#8220;1_2&#8243; _builder_version=&#8220;4.4.7&#8243;][et_pb_image src=&#8220;https:\/\/dokutec.de\/wp-content\/uploads\/2020\/07\/et5mfj1eb94-scaled.jpg&#8220; alt=&#8220;white pencil beside book&#8220; title_text=&#8220;Foto von Kelly Sikkema&#8220; _builder_version=&#8220;4.4.7&#8243;][\/et_pb_image][\/et_pb_column][et_pb_column type=&#8220;1_2&#8243; _builder_version=&#8220;4.4.7&#8243;][et_pb_text _builder_version=&#8220;4.4.7&#8243;]<\/p>\n<p><strong>\u6ce8\u610f\u4ece\u53f3\u5230\u5de6\u4e66\u5199\u8bed\u8a00\u7684\u6d4f\u89c8\u65b9\u5f0f(Windows Word)<\/strong><br \/> \u6d4f\u89c8\u4ece\u53f3\u5230\u5de6\u4e66\u5199\u7684\u8bed\u8a00\uff08\u963f\u62c9\u4f2f\u6587\u548c\u5e0c\u4f2f\u6765\u6587\uff09\u5f88\u9ebb\u70e6\uff0c\u4f8b\u5982\u6570\u5b57\u6309\u4ece\u5de6\u5230\u53f3\u987a\u5e8f\u4e66\u5199\u3002\u56e0\u6b64\uff0c\u6ca1\u6709\u7edf\u4e00\u7684\u89c4\u5219\u3002<br \/> \u6807\u8bb0\u3001\u5411\u524d\u5220\u9664\u3001\u5411\u540e\u5220\u9664\u548c\u6d4f\u89c8\u6587\u4ef6\u90fd\u9700\u8981\u7ecf\u9a8c\u3002\u6570\u5b57\u548c\u6587\u5b57\u770b\u8d77\u6765\u6ca1\u6709\u533a\u522b\uff0c\u4f46\u65b9\u5411\u4e0d\u540c\u3002<\/p>\n<p>[\/et_pb_text][\/et_pb_column][\/et_pb_row][et_pb_row _builder_version=&#8220;4.4.7&#8243;][et_pb_column type=&#8220;4_4&#8243; _builder_version=&#8220;4.4.7&#8243;][et_pb_text _builder_version=&#8220;4.4.7&#8243;]<\/p>\n<p>\u4e0d\u80fd\u786e\u5b9a\u65b9\u5411\uff0c\u6240\u4ee5\u5fc5\u987b\u7528\u5149\u6807\u548c\u7bad\u5934\u952e\u786e\u5b9a\u5149\u6807\u5411\u54ea\u4e2a\u65b9\u5411\u8fd0\u52a8\u3002\u6570\u5b57\u6216\u63d2\u5165\u897f\u6587\u4ece\u5de6\u5230\u53f3\u4e66\u5199\uff0c\u963f\u62c9\u4f2f\u6587\u4ece\u53f3\u5230\u5de6\u4e66\u5199\u3002\u6807\u8bb0\u6587\u5b57\u4e5f\u662f\u5982\u6b64\u3002\u56e0\u6b64\uff0c\u5728\u5927\u591a\u6570\u60c5\u51b5\u4e0b\uff0c\u5149\u6807\u5fc5\u987b\u5148\u653e\u5728\u7b2c1\u4e2a\u6216\u7b2c2\u4e2a\u5b57\u7b26\u540e\u9762\uff0c\u624d\u80fd\u4ece\u6b63\u786e\u7684\u4f4d\u7f6e\u5f00\u59cb\u6807\u8bb0\u6587\u5b57\u3002 <br \/>\u5236\u8868\u7b26\u548c\u7a7a\u683c\u4e5f\u8981\u6539\u53d8\u65b9\u5411\uff0c\u4e0d\u80fd\u53ea\u7ed9\u4e00\u79cd\u8bed\u8a00\u6307\u5b9a\u5236\u8868\u7b26\u548c\u7a7a\u683c\u3002\u56e0\u6b64\uff0c\u5982\u679c\u6587\u672c\u91cc\u51fa\u73b0\u963f\u62c9\u4f2f\u6587\u7a7a\u683c\uff0c\u5373\u4f7f\u6d4f\u89c8\u7eaf\u897f\u6587\u4e5f\u5f88\u9ebb\u70e6\u3002 <br \/>\u4e8b\u5b9e\u4e0a\u6807\u8bb0\u6210\u963f\u62c9\u4f2f\u6587\u7684\u897f\u6587\u4e0d\u80fd\u53d8\u56de\u897f\u6587\uff0c\u5fc5\u987b\u91cd\u65b0\u63d2\u5165\u897f\u6587\uff0c\u8fd9\u662f\u7f3a\u70b9\u3002<\/p>\n<p>[\/et_pb_text][\/et_pb_column][\/et_pb_row][et_pb_row column_structure=&#8220;1_2,1_2&#8243; _builder_version=&#8220;4.4.7&#8243;][et_pb_column type=&#8220;1_2&#8243; _builder_version=&#8220;4.4.7&#8243;][et_pb_text _builder_version=&#8220;4.8.2&#8243;]Im Arbeitsablauf ist es derzeit so, dass unsere Kunden zuerst das Word-Dokument zur Korrektur erhalten und dieses Dokument von ihrer zust\u00e4ndigen Auslandsvertretung oder \u00e4hnlichem pr\u00fcfen lassen und die erforderlichen Korrekturen ggf. in Word einarbeiten.<\/p>\n<p>\u5728\u6821\u5bf9\u6d41\u7a0b\u7ed3\u675f\u4e4b\u540e\uff0c\u6839\u636e\u539f\u59cb\u6587\u4ef6\u8c03\u6574\u6587\u4ef6\u683c\u5f0f\u3002 <br \/>\u6253\u5370\u6587\u4ef6\u8fdb\u884c\u6700\u7ec8\u683c\u5f0f\u68c0\u67e5\u3002\u6211\u4eec\u7ffb\u8bd1\u7684Baier &amp; K\u00f6ppel GmbH &amp; Co. KG\u3001VDMA\u548cKarl Mayer Textilmaschinenfabrik\u6587\u4ef6\u548c\u4ea7\u54c1\u76ee\u5f55\u4e5f\u5305\u62ec\u963f\u62c9\u4f2f\u6587\u7248\u672c\u3002<\/p>\n<p>\u5982\u679c\u9700\u8981\u6253\u5370\u963f\u62c9\u4f2f\u6587\u6216\u4e2d\u6587\u7ffb\u8bd1\uff0c\u5ba2\u6237\u59cb\u7ec8\u9700\u8981\u63d0\u4f9b\u4e00\u4efd\u539f\u59cb\u6587\u4ef6\uff0c\u786e\u4fdd\u4e0d\u80fd\u51fa\u73b0\u201c\u8c01\u8d1f\u62c5\u9ad8\u5206\u8fa8\u7387\u6253\u5370\u6210\u672c\uff1f\u201d\u95ee\u9898\u3002<\/p>\n<p>[\/et_pb_text][\/et_pb_column][et_pb_column type=&#8220;1_2&#8243; _builder_version=&#8220;4.4.7&#8243;][et_pb_image src=&#8220;https:\/\/dokutec.de\/wp-content\/uploads\/2020\/07\/r8h8k3w9aza-scaled.jpg&#8220; alt=&#8220;white and black printer paper&#8220; title_text=&#8220;Foto von Syed Hussaini&#8220; _builder_version=&#8220;4.4.7&#8243;][\/et_pb_image][\/et_pb_column][\/et_pb_row][et_pb_row _builder_version=&#8220;4.4.7&#8243;][et_pb_column type=&#8220;4_4&#8243; _builder_version=&#8220;4.4.7&#8243;][et_pb_text _builder_version=&#8220;4.4.7&#8243;]<\/p>\n<h3>\u6700\u540e\u4f46\u540c\u6837\u91cd\u8981......<\/h3>\n<p>\u4f5c\u4e3a\u7ffb\u8bd1\u516c\u53f8\uff0c\u6211\u4eec\u5728\u65e5\u5e38\u5de5\u4f5c\u4e2d\u9075\u5b88DIN 2345\u6807\u51c6\u89c4\u5b9a\u7684\u8981\u6c42\u3002\u8fd9\u662f\u4fdd\u8bc1\u6700\u4f73\u7ffb\u8bd1\u8d28\u91cf\u7684\u57fa\u7840\u3002<\/p>\n<p>\u81ea\u59cb\u81f3\u7ec8\u6267\u884cDIN 2345\u6807\u51c6\uff0c\u5e76\u7528\u7ffb\u8bd1\u8bb0\u5fc6\u7cfb\u7edfTrados Workbench\u548cMultiterm\u786e\u4fdd\u6bcf\u79cd\u8bd1\u6587\u7684\u8d28\u91cf\u3002\u6211\u4eec\u9ad8\u5ea6\u91cd\u89c6\u672f\u8bed\u7edf\u4e00\u6027\u548c\u8d28\u91cf\u4fdd\u8bc1\u3002<\/p>\n<p><strong>\u6211\u4eec\u7684\u8d44\u6df1\u6bcd\u8bed\u8bd1\u5458\u5de5\u4f5c\u6548\u7387\u9ad8\uff0c\u6210\u672c\u6548\u76ca\u4ea6\u9ad8\u3002\u8fd9\u53ef\u4ee5\u786e\u4fdd\u4ef7\u683c\u3001\u7ffb\u8bd1\u8d28\u91cf\u548c\u4ea4\u8d27\u671f\u6709\u7ade\u4e89\u529b\u3002<\/strong><\/p>\n<p>[\/et_pb_text][\/et_pb_column][\/et_pb_row][\/et_pb_section]<\/p>","protected":false},"excerpt":{"rendered":"<p>Unser T\u00e4tigkeitsgebiet &#8230;ein kleiner Exkurs \u00fcber &#8218;exotische Sprachen&#8217;Chinesisch wird in der Regel von links nach rechts geschrieben, in einzelnen F\u00e4llen bei z. B. Plakaten oder Annoncen von oben nach unten. Der Zeichenumfang asiatischer Sprachen ist sehr gro\u00df. Zum Vergleich: eine Arial f\u00fcr eine westliche, f\u00fcr die kyrillische, baltische, griechische, osteurop\u00e4ische, russische, arabische, hebr\u00e4ische und t\u00fcrkische [&hellip;]<\/p>","protected":false},"author":1,"featured_media":0,"parent":0,"menu_order":0,"comment_status":"closed","ping_status":"closed","template":"","meta":{"_et_pb_use_builder":"on","_et_pb_old_content":"<!-- wp:columns -->\n<div class=\"wp-block-columns\"><!-- wp:column -->\n<div class=\"wp-block-column\"><!-- wp:paragraph {\"fontSize\":\"large\"} -->\n<p class=\"has-large-font-size\">Chinesisch wird in der Regel von links nach rechts geschrieben, in einzelnen F\u00e4llen bei z. B. Plakaten oder Annoncen von oben nach unten. Zudem ist der Zeichenumfang asiatischer Sprachen sehr gro\u00df. Zum Vergleich: eine Arial f\u00fcr eine westliche, f\u00fcr die kyrillische, baltische, griechische, osteurop\u00e4ische, russische, arabische, hebr\u00e4ische und t\u00fcrkische Sprache hat eine Dateigr\u00f6\u00dfe von 266 KByte, eine asiatische dagegen 10499 KByte.<br>Arabisch wird von rechts nach links geschrieben.<\/p>\n<!-- \/wp:paragraph --><\/div>\n<!-- \/wp:column -->\n\n<!-- wp:column -->\n<div class=\"wp-block-column\"><!-- wp:paragraph {\"fontSize\":\"large\"} -->\n<p class=\"has-large-font-size\">Editierbare Zeichen sind in Word f\u00fcr Windows nach Installation der Sprachenunterst\u00fctzung vorhanden. Die notwendigen Schriftarten werden ebenfalls mitinstalliert.Um chinesische Schriftzeichen zu erhalten, ben\u00f6tigt man zudem noch ein Eingabesystem, welches dem Benutzer erm\u00f6glicht, ein Zeichen aufgrund einer westlichen Buchstabenfolge einzugeben. Dies ist im Lieferumfang des Internet Explorers enthalten und nennt sich Global IME (Input Method Editor).F\u00fcr Arabisch ben\u00f6tigt man hingegen die M\u00f6glichkeit, Text rechts auszurichten und von rechts her zu schreiben. Diese Unterst\u00fctzung wird im Programm MS Office Spracheinstellungen aktiviert.<\/p>\n<!-- \/wp:paragraph --><\/div>\n<!-- \/wp:column --><\/div>\n<!-- \/wp:columns -->\n\n<!-- wp:image {\"align\":\"center\",\"id\":144,\"sizeSlug\":\"large\"} -->\n<div class=\"wp-block-image\"><figure class=\"aligncenter size-large\"><img src=\"https:\/\/dokutec.de\/wp-content\/uploads\/2020\/07\/et5mfj1eb94-1024x683.jpg\" alt=\"white pencil beside book\" class=\"wp-image-144\"\/><\/figure><\/div>\n<!-- \/wp:image -->\n\n<!-- wp:columns -->\n<div class=\"wp-block-columns\"><!-- wp:column -->\n<div class=\"wp-block-column\"><!-- wp:paragraph {\"fontSize\":\"large\"} -->\n<p class=\"has-large-font-size\">Anmerkung zur Navigation in Rechts-nach-Links-Sprachen (Word f\u00fcr Windows)<br>Die Navigation in RNL-Sprachen (arabisch, hebr\u00e4isch) gestaltet sich sehr komplex, da z. B. Zahlenfolgen wieder von LNR geschrieben werden. Somit kann keine kontinuierliche Regelung festgelegt werden. Markieren, Vorw\u00e4rts- und R\u00fcckw\u00e4rtsl\u00f6schen wie auch das Navigieren durch das Dokument werden zu einem Erlebnis.Visuell sind Positionen 6+4 und 5+3 gleich, besitzen jedoch unterschiedliche Richtungen.<\/p>\n<!-- \/wp:paragraph --><\/div>\n<!-- \/wp:column -->\n\n<!-- wp:column -->\n<div class=\"wp-block-column\"><!-- wp:paragraph {\"fontSize\":\"large\"} -->\n<p class=\"has-large-font-size\">Visuell ist die Richtung nicht zu erkennen, deshalb muss probiert werden, in welche Richtung sich der Cursor bewegt. Die Position 3 kann nur nach 2 erreicht werden und 5 erst nach 4. Beim Markieren verh\u00e4lt es sich ebenso. In den meisten F\u00e4llen muss daher der Cursor erst 1 bis 2 Zeichen zur\u00fcck positioniert werden, um dann beim Start der Markierung von der richtigen Position ausgehen zu k\u00f6nnen. Tabulatoren und Leerzeichen wechseln zudem gerne die Richtung, da sie nicht nur einer Sprache zuzuordnen sind. Somit ist die Navigation selbst in rein westlichem Text komplex, weil sich ein arabisches Leerzeichen im Text verstecken k\u00f6nnte. Nachteilig wirkt sich auch der Umstand aus, dass westlicher Text als arabisch markierter Text nicht auf westlichen Text zur\u00fcckgestellt werden kann, au\u00dfer durch erneutes Einsetzen als westlicher Text.<\/p>\n<!-- \/wp:paragraph --><\/div>\n<!-- \/wp:column --><\/div>\n<!-- \/wp:columns -->\n\n<!-- wp:paragraph {\"fontSize\":\"large\"} -->\n<p class=\"has-large-font-size\"><br><br> <br>Im Arbeitsablauf ist es derzeit so, dass unsere Kunden zuerst das Word-Dokument zur Korrektur erhalten und dieses Dokument von ihrer zust\u00e4ndigen Auslandsvertretung oder \u00e4hnlichem pr\u00fcfen lassen. Die erforderlichen Korrekturen arbeiten wir wieder in Word ein. Nach Abschluss des Lektorats wird das Layout nochmals exakt an die Vorlage angeglichen. Dabei werden einzelne EPS-Dateien exportiert (vektorielles Dateiformat) und in die g\u00e4ngigen DTP-Programme \u00fcbernommen. Dort wird die Passgenauigkeit durch Probeausdrucke \u00fcberpr\u00fcft und die Word-Datei entsprechend angeglichen. Da EPS-Dateien nur max. 1 Seite enthalten d\u00fcrfen, muss das Dokument seitenweise exportiert werden. Das l\u00e4sst sich am leichtesten durch ein kleines Makro erledigen. Die Dokumente werden zur Endkontrolle nochmals ausgedruckt. Als Referenz verweisen wir u. a. auf Baier &amp; K\u00f6ppel GmbH &amp; Co. KG, VDMA und Karl Mayer Textilmaschinenfabrik, deren Dokumente und Kataloge wir in Arabisch bzw. Chinesisch bearbeitet haben.<br>Bei Auftr\u00e4gen dieser Komplexit\u00e4t ist es erforderlich, dass der Auftraggeber nach Endpr\u00fcfung eine Freizeichnung (Formular) schriftlich mit dem Satzb\u00fcro bzw. \u00dcbersetzer vereinbart. Denn gerade bei diesen Sprachen k\u00f6nnen nach dem Druck von gro\u00dfen Auflagen doch noch Fehler im Verwendungsland (z.B. China) entdeckt werden, was zu der Frage \"Wer haftet nun f\u00fcr die hohen Druckkosten?\" f\u00fchren k\u00f6nnte. Hier sind oftmals die Druckkosten um ein Vielfaches h\u00f6her als der erzielte Umsatz eines Projektes, so dass eine Haftung erst gar nicht eintreten darf.<br>Als Sprachendienst ist f\u00fcr uns die DIN-Norm 2345 bindend, die uns bei der t\u00e4glichen Arbeit unterst\u00fctzt. Sie ist die Grundlage f\u00fcr eine optimale \u00dcbersetzungsqualit\u00e4t.<br>Die konsequente Umsetzung der DIN 2345 und der Einsatz der Translation-Memory-Systeme \"Trados Workbench und Multiterm\", sowie \"Star-Transit und Termstar\" f\u00fchren in jeder Sprache zu optimalen Ergebnissen. Terminologiearbeit und Qualit\u00e4tssicherung stehen bei uns an oberster Stelle.<br>Unsere qualifizierten muttersprachlichen \u00dcbersetzerInnen arbeiten dadurch effizient und kosteng\u00fcnstig. Dadurch ist es m\u00f6glich, einen marktgerechten Preis, gute Qualit\u00e4t und kurze Durchlaufzeiten zu gew\u00e4hrleisten.<\/p>\n<!-- \/wp:paragraph -->","_et_gb_content_width":"","footnotes":""},"class_list":["post-84","page","type-page","status-publish","hentry"],"_links":{"self":[{"href":"https:\/\/dokutec.de\/zh\/wp-json\/wp\/v2\/pages\/84","targetHints":{"allow":["GET"]}}],"collection":[{"href":"https:\/\/dokutec.de\/zh\/wp-json\/wp\/v2\/pages"}],"about":[{"href":"https:\/\/dokutec.de\/zh\/wp-json\/wp\/v2\/types\/page"}],"author":[{"embeddable":true,"href":"https:\/\/dokutec.de\/zh\/wp-json\/wp\/v2\/users\/1"}],"replies":[{"embeddable":true,"href":"https:\/\/dokutec.de\/zh\/wp-json\/wp\/v2\/comments?post=84"}],"version-history":[{"count":17,"href":"https:\/\/dokutec.de\/zh\/wp-json\/wp\/v2\/pages\/84\/revisions"}],"predecessor-version":[{"id":1477,"href":"https:\/\/dokutec.de\/zh\/wp-json\/wp\/v2\/pages\/84\/revisions\/1477"}],"wp:attachment":[{"href":"https:\/\/dokutec.de\/zh\/wp-json\/wp\/v2\/media?parent=84"}],"curies":[{"name":"wp","href":"https:\/\/api.w.org\/{rel}","templated":true}]}}