{"id":231,"date":"2020-08-17T16:20:07","date_gmt":"2020-08-17T14:20:07","guid":{"rendered":"https:\/\/dokutec.de\/?page_id=231"},"modified":"2023-07-22T20:34:07","modified_gmt":"2023-07-22T18:34:07","slug":"anleitungen","status":"publish","type":"page","link":"https:\/\/dokutec.de\/zh\/anleitungen\/","title":{"rendered":"CE\u64cd\u4f5c\u624b\u518c"},"content":{"rendered":"<p>[et_pb_section fb_built=&#8220;1&#8243; _builder_version=&#8220;3.22&#8243;][et_pb_row padding_mobile=&#8220;off&#8220; column_padding_mobile=&#8220;on&#8220; admin_label=&#8220;row&#8220; _builder_version=&#8220;4.4.7&#8243; background_size=&#8220;initial&#8220; background_position=&#8220;top_left&#8220; background_repeat=&#8220;repeat&#8220; custom_padding=&#8220;67px|||||&#8220; make_fullwidth=&#8220;off&#8220; use_custom_width=&#8220;off&#8220; width_unit=&#8220;on&#8220;][et_pb_column type=&#8220;4_4&#8243; _builder_version=&#8220;3.25&#8243; custom_padding=&#8220;|||&#8220; custom_padding__hover=&#8220;|||&#8220;][et_pb_text admin_label=&#8220;Text&#8220; _builder_version=&#8220;4.4.7&#8243; background_size=&#8220;initial&#8220; background_position=&#8220;top_left&#8220; background_repeat=&#8220;repeat&#8220; text_orientation=&#8220;center&#8220; module_alignment=&#8220;center&#8220; custom_padding=&#8220;9px|||||&#8220;]<\/p>\n<h1>\u5404\u79cd\u8bf4\u660e\u4e66<\/h1>\n<p>[\/et_pb_text][et_pb_divider color=&#8220;#919191&#8243; disabled_on=&#8220;on|on|off&#8220; admin_label=&#8220;Teiler&#8220; _builder_version=&#8220;3.23.4&#8243; height=&#8220;2px&#8220;] [\/et_pb_divider][\/et_pb_column][\/et_pb_row][et_pb_row column_structure=&#8220;1_3,1_3,1_3&#8243; _builder_version=&#8220;4.4.7&#8243;][et_pb_column type=&#8220;1_3&#8243; _builder_version=&#8220;4.4.7&#8243;][et_pb_blurb title=&#8220;CE-Betriebsanleitungen&#8220; use_icon=&#8220;on&#8220; font_icon=&#8220;%%75%%&#8220; _builder_version=&#8220;4.8.2&#8243;]<\/p>\n<p>\u81ea1990\u4ee5\u6765\uff0c\u6211\u4eec\u4e00\u76f4\u6839\u636eDIN 8418\u6807\u51c6\u548c\u6b27\u76df\u6307\u4ee4\u7b49\u76f8\u5173\u6807\u51c6\u8981\u6c42\u7ffb\u8bd1\u6280\u672f\u624b\u518c\u3001\u5b89\u88c5\u548c\u7ef4\u62a4\u8bf4\u660e\u4e66\u3002<\/p>\n<p>\u91cd\u70b9\u5728\u673a\u68b0\u3001\u8bbe\u5907\u548c\u6c7d\u8f66\u5236\u9020\u9886\u57df\u3002\u5305\u62ec\u5370\u5237\u673a\u548c\u63a7\u5236\u7cfb\u7edf\u4f7f\u7528\u624b\u518c\u3001\u6c7d\u8f66\u53d8\u901f\u7bb1\u7ef4\u4fee\u624b\u518c\u3001\u673a\u5e8a\u548c\u8bbe\u5907\u5916\u6587\u624b\u518c\u3002<\/p>\n<p>\u6211\u4eec\u7ffb\u8bd1\u673a\u68b0\u8bbe\u5907\u6280\u672f\u624b\u518c\u548c\u6587\u4ef6\u3002<\/p>\n<p>[\/et_pb_blurb][\/et_pb_column][et_pb_column type=&#8220;1_3&#8243; _builder_version=&#8220;4.4.7&#8243;][et_pb_blurb title=&#8220;Montageanleitungen&#8220; use_icon=&#8220;on&#8220; font_icon=&#8220;%%75%%&#8220; _builder_version=&#8220;4.8.2&#8243; hover_enabled=&#8220;0&#8243; sticky_enabled=&#8220;0&#8243;]<\/p>\n<p>\u5728\u8fdb\u884c\u5168\u9762\u4ea7\u54c1\u57f9\u8bad\u4e4b\u540e\uff0c\u6211\u4eec\u51c6\u5907\u5404\u4e2a\u5b89\u88c5\u6b65\u9aa4\u7684\u6587\u5b57\u8bf4\u660e\u548c\u8be6\u7ec6\u63d2\u56fe\u6216\u7167\u7247\u3002<br \/>\u5305\u62ec\u53d8\u901f\u7bb1\uff08\u4fee\u7406\u8bf4\u660e\u4e66\uff09\u548c\u8bbe\u5907\uff08\u6a21\u5757\u5b89\u88c5\uff09\u3002<br \/>\u6211\u4eec\u53ef\u4ee5\u5728\u81ea\u5df1\u7684\u8f66\u95f4\u62c6\u5378\u8bbe\u5907\u548c\u53d8\u901f\u7bb1\uff0c\u7136\u540e\u62cd\u6444\u4fee\u7406\u6b65\u9aa4\u3002\u7f16\u8f91\u4eba\u5458\u6839\u636e\u62cd\u6444\u7684\u89c6\u9891\u7f16\u5199\u6587\u5b57\u8bf4\u660e\uff0c\u5e76\u9009\u62e9\u5b89\u88c5\u63d2\u56fe\u3002\u63d2\u56fe\u7ecf\u8fc7Photoshop\u5904\u7406\uff0c\u5747\u4e3a\u9ad8\u5206\u8fa8\u7387\u56fe\u3002<\/p>\n<p>[\/et_pb_blurb][\/et_pb_column][et_pb_column type=&#8220;1_3&#8243; _builder_version=&#8220;4.4.7&#8243;][et_pb_blurb title=&#8220;Wartungsanleitungen&#8220; use_icon=&#8220;on&#8220; font_icon=&#8220;%%75%%&#8220; _builder_version=&#8220;4.8.2&#8243;]<\/p>\n<p>\u6211\u4eec\u6839\u636eDIN 8659\u6807\u51c6\u548cDIN 11042\u6807\u51c6\u7f16\u5199\u7ef4\u62a4\u624b\u518c\uff0c\u5305\u62ec\u8bf4\u660e\u6027\u6587\u5b57\u3001\u7ef4\u62a4\u8bf4\u660e\u548c\u6da6\u6ed1\u8bf4\u660e\u3002<\/p>\n<p>\u6211\u4eec\u8003\u8651\u5ba2\u6237\u7684\u7279\u5b9a\u8981\u6c42\uff0c\u5e76\u628a\u5b83\u4eec\u5199\u5165\u8bf4\u660e\u4e66\u3002<\/p>\n<p>\u5728\u67d0\u4e9b\u60c5\u51b5\u4e0b\uff0c\u7f16\u8f91\u4eba\u5458\u4f1a\u53bb\u5ba2\u6237\u73b0\u573a\u5c3d\u5feb\u83b7\u5f97\u5fc5\u8981\u4fe1\u606f\u3002<\/p>\n<p>[\/et_pb_blurb][\/et_pb_column][\/et_pb_row][\/et_pb_section]<\/p>","protected":false},"excerpt":{"rendered":"<p>Anleitungen aller Art Seit 1990 fertigen wir Technische Handb\u00fccher, Montage- und Wartungsanleitungen nach den jeweiligen normativen Anforderungen, wie z. B. DIN 8418 und EU-Richtlinien. Schwerpunkte sind Maschinen-, Anlagen- sowie Fahrzeugbau. Hierzu z\u00e4hlten Betriebs- und Bedienungsanleitungen f\u00fcr Pressenbau bzw. -steuerung genauso wie Reparaturanleitungen f\u00fcr den Fahrzeug-Getriebebau oder fremdsprachliche Handb\u00fccher f\u00fcr Werkzeugmaschinen, Anlagen und Ger\u00e4tebau. Daraus entwickelte [&hellip;]<\/p>","protected":false},"author":4,"featured_media":0,"parent":0,"menu_order":0,"comment_status":"closed","ping_status":"closed","template":"","meta":{"_et_pb_use_builder":"on","_et_pb_old_content":"<!-- wp:paragraph {\"fontSize\":\"large\"} -->\n<p class=\"has-large-font-size\">Seit 1990 fertigen wir Technische Handb\u00fccher nach den jeweiligen normativen Anforderungen an, wie z. B. DIN 8418 und EU-Richtlinien. <br>Schwerpunkte sind Maschinen-, Anlagen- sowie Fahrzeugbau. Hierzu z\u00e4hlen Betriebs- und Bedienungsanleitungen f\u00fcr Pressenbau bzw. -steuerung genauso wie Reparaturanleitungen f\u00fcr den Fahrzeug-Getriebebau oder fremdsprachliche Handb\u00fccher f\u00fcr Werkzeugmaschinen, Anlagen und Ger\u00e4tebau. <br>Auf klare produktspezifische Strukturierung und Verst\u00e4ndlichkeit der Textbausteine legen wir ebenso gro\u00dfen Wert wie auf den Einsatz von selbsterkl\u00e4renden Piktogrammen in Kombination mit 3D-Darstellungen als Strichgrafik.<\/p>\n<!-- \/wp:paragraph -->\n\n<!-- wp:paragraph {\"fontSize\":\"large\"} -->\n<p class=\"has-large-font-size\">Interleaf, FrameMaker, PageMaker, QuarkXpress und WinWord sind die Programme, die wir je nach Kundenwunsch daf\u00fcr einsetzen.<\/p>\n<!-- \/wp:paragraph -->","_et_gb_content_width":"1080","footnotes":""},"class_list":["post-231","page","type-page","status-publish","hentry"],"_links":{"self":[{"href":"https:\/\/dokutec.de\/zh\/wp-json\/wp\/v2\/pages\/231","targetHints":{"allow":["GET"]}}],"collection":[{"href":"https:\/\/dokutec.de\/zh\/wp-json\/wp\/v2\/pages"}],"about":[{"href":"https:\/\/dokutec.de\/zh\/wp-json\/wp\/v2\/types\/page"}],"author":[{"embeddable":true,"href":"https:\/\/dokutec.de\/zh\/wp-json\/wp\/v2\/users\/4"}],"replies":[{"embeddable":true,"href":"https:\/\/dokutec.de\/zh\/wp-json\/wp\/v2\/comments?post=231"}],"version-history":[{"count":9,"href":"https:\/\/dokutec.de\/zh\/wp-json\/wp\/v2\/pages\/231\/revisions"}],"predecessor-version":[{"id":1479,"href":"https:\/\/dokutec.de\/zh\/wp-json\/wp\/v2\/pages\/231\/revisions\/1479"}],"wp:attachment":[{"href":"https:\/\/dokutec.de\/zh\/wp-json\/wp\/v2\/media?parent=231"}],"curies":[{"name":"wp","href":"https:\/\/api.w.org\/{rel}","templated":true}]}}