{"id":167,"date":"2020-07-29T22:38:50","date_gmt":"2020-07-29T20:38:50","guid":{"rendered":"https:\/\/dokutec.de\/?page_id=167"},"modified":"2020-11-05T16:21:41","modified_gmt":"2020-11-05T15:21:41","slug":"jobs","status":"publish","type":"page","link":"https:\/\/dokutec.de\/zh\/jobs\/","title":{"rendered":"\u5de5\u4f5c\u673a\u4f1a"},"content":{"rendered":"<p>[et_pb_section fb_built=&#8220;1&#8243; _builder_version=&#8220;3.22&#8243;][et_pb_row padding_mobile=&#8220;off&#8220; column_padding_mobile=&#8220;on&#8220; admin_label=&#8220;row&#8220; _builder_version=&#8220;4.4.7&#8243; background_size=&#8220;initial&#8220; background_position=&#8220;top_left&#8220; background_repeat=&#8220;repeat&#8220; custom_padding=&#8220;67px|||||&#8220; make_fullwidth=&#8220;off&#8220; use_custom_width=&#8220;off&#8220; width_unit=&#8220;on&#8220;][et_pb_column type=&#8220;4_4&#8243; _builder_version=&#8220;3.25&#8243; custom_padding=&#8220;|||&#8220; custom_padding__hover=&#8220;|||&#8220;][et_pb_text admin_label=&#8220;Text&#8220; _builder_version=&#8220;4.4.7&#8243; background_size=&#8220;initial&#8220; background_position=&#8220;top_left&#8220; background_repeat=&#8220;repeat&#8220; text_orientation=&#8220;center&#8220; module_alignment=&#8220;center&#8220; custom_padding=&#8220;9px|||||&#8220;]<\/p>\n<h1>\u5de5\u4f5c\u673a\u4f1a<\/h1>\n<p>[\/et_pb_text][et_pb_divider color=&#8220;#919191&#8243; disabled_on=&#8220;on|on|off&#8220; admin_label=&#8220;Teiler&#8220; _builder_version=&#8220;3.23.4&#8243; height=&#8220;2px&#8220;] [\/et_pb_divider][\/et_pb_column][\/et_pb_row][et_pb_row _builder_version=&#8220;3.25&#8243; background_size=&#8220;initial&#8220; background_position=&#8220;top_left&#8220; background_repeat=&#8220;repeat&#8220;][et_pb_column type=&#8220;4_4&#8243; _builder_version=&#8220;3.25&#8243; custom_padding=&#8220;|||&#8220; custom_padding__hover=&#8220;|||&#8220;][et_pb_blurb title=&#8220;Sie sind \u00dcbersetzerin oder \u00dcbersetzer und haben Kapazit\u00e4t?&#8220; use_icon=&#8220;on&#8220; font_icon=&#8220;%%101%%&#8220; icon_color=&#8220;#5b5b5b&#8220; _builder_version=&#8220;4.4.7&#8243; hover_enabled=&#8220;0&#8243;]<\/p>\n<p>\u6211\u4eec\u7ed9\u5404\u79cd\u6bcd\u8bed\u7684\u81ea\u7531\u8bd1\u5458\u5206\u6d3e\u7ffb\u8bd1\u4efb\u52a1\u3002<\/p>\n<p>\u5982\u679c\u4f60\u60f3\u627e\u7ffb\u8bd1\u5de5\u4f5c\uff0c\u8bf7\u7ed9\u6211\u4eec\u53d1\u4e00\u5c01\u7b80\u77ed\u7535\u5b50\u90ae\u4ef6\uff0c\u8bf4\u660e\u4f60\u7684\u8d44\u5386\u548c\u4e13\u4e1a\u9886\u57df\u3002<\/p>\n<p>\u6211\u4eec\u4f1a\u5c3d\u5feb\u8054\u7cfb\u4f60\u3002<\/p>\n<p>[\/et_pb_blurb][\/et_pb_column][\/et_pb_row][\/et_pb_section]<\/p>","protected":false},"excerpt":{"rendered":"<p>Jobs Wir vergeben Auftr\u00e4ge in allen Sprachen an freie \u00dcbersetzer. Wenn Sie Auftr\u00e4ge suchen, schreiben Sie uns bitte eine kurze E-Mail mit Ihrem Qualifikationsprofil und Ihren Schwerpunkten. Wir melden uns bei Ihnen, sobald Bedarf anliegt.<\/p>","protected":false},"author":4,"featured_media":0,"parent":0,"menu_order":0,"comment_status":"closed","ping_status":"closed","template":"","meta":{"_et_pb_use_builder":"on","_et_pb_old_content":"<!-- wp:paragraph -->\n<p><\/p>\n<!-- \/wp:paragraph -->\n\n<!-- wp:heading {\"level\":3} -->\n<h3>Sie sind \u00dcbersetzerin oder \u00dcbersetzer und haben Kapazit\u00e4t?<\/h3>\n<!-- \/wp:heading -->\n\n<!-- wp:paragraph -->\n<p><\/p>\n<!-- \/wp:paragraph -->\n\n<!-- wp:paragraph {\"className\":\"\u201eintro\",\"fontSize\":\"large\"} -->\n<p class=\"\u201eintro has-large-font-size\">Wir vergeben Auftr\u00e4ge in den europ\u00e4ischen Sprachen an freie \u00dcbersetzer. Pro Jahr f\u00fcr bis zu 15.000 \u20ac pro Sprache! Wenn Sie Auftr\u00e4ge suchen, schreiben Sie uns bitte eine kurze E-Mail mit Ihrem Qualifikationsprofil und Ihren Schwerpunkten. Wir melden uns umgehend bei Ihnen.<\/p>\n<!-- \/wp:paragraph -->","_et_gb_content_width":"1080","footnotes":""},"class_list":["post-167","page","type-page","status-publish","hentry"],"_links":{"self":[{"href":"https:\/\/dokutec.de\/zh\/wp-json\/wp\/v2\/pages\/167","targetHints":{"allow":["GET"]}}],"collection":[{"href":"https:\/\/dokutec.de\/zh\/wp-json\/wp\/v2\/pages"}],"about":[{"href":"https:\/\/dokutec.de\/zh\/wp-json\/wp\/v2\/types\/page"}],"author":[{"embeddable":true,"href":"https:\/\/dokutec.de\/zh\/wp-json\/wp\/v2\/users\/4"}],"replies":[{"embeddable":true,"href":"https:\/\/dokutec.de\/zh\/wp-json\/wp\/v2\/comments?post=167"}],"version-history":[{"count":9,"href":"https:\/\/dokutec.de\/zh\/wp-json\/wp\/v2\/pages\/167\/revisions"}],"predecessor-version":[{"id":1337,"href":"https:\/\/dokutec.de\/zh\/wp-json\/wp\/v2\/pages\/167\/revisions\/1337"}],"wp:attachment":[{"href":"https:\/\/dokutec.de\/zh\/wp-json\/wp\/v2\/media?parent=167"}],"curies":[{"name":"wp","href":"https:\/\/api.w.org\/{rel}","templated":true}]}}