{"id":231,"date":"2020-08-17T16:20:07","date_gmt":"2020-08-17T14:20:07","guid":{"rendered":"https:\/\/dokutec.de\/?page_id=231"},"modified":"2023-07-22T20:34:07","modified_gmt":"2023-07-22T18:34:07","slug":"anleitungen","status":"publish","type":"page","link":"https:\/\/dokutec.de\/tr\/anleitungen\/","title":{"rendered":"CE kullan\u0131m k\u0131lavuzlar\u0131"},"content":{"rendered":"<p>[et_pb_section fb_built=&#8220;1&#8243; _builder_version=&#8220;3.22&#8243;][et_pb_row padding_mobile=&#8220;off&#8220; column_padding_mobile=&#8220;on&#8220; admin_label=&#8220;row&#8220; _builder_version=&#8220;4.4.7&#8243; background_size=&#8220;initial&#8220; background_position=&#8220;top_left&#8220; background_repeat=&#8220;repeat&#8220; custom_padding=&#8220;67px|||||&#8220; make_fullwidth=&#8220;off&#8220; use_custom_width=&#8220;off&#8220; width_unit=&#8220;on&#8220;][et_pb_column type=&#8220;4_4&#8243; _builder_version=&#8220;3.25&#8243; custom_padding=&#8220;|||&#8220; custom_padding__hover=&#8220;|||&#8220;][et_pb_text admin_label=&#8220;Text&#8220; _builder_version=&#8220;4.4.7&#8243; background_size=&#8220;initial&#8220; background_position=&#8220;top_left&#8220; background_repeat=&#8220;repeat&#8220; text_orientation=&#8220;center&#8220; module_alignment=&#8220;center&#8220; custom_padding=&#8220;9px|||||&#8220;]<\/p>\n<h1>Her t\u00fcrl\u00fc kullan\u0131m talimat\u0131<\/h1>\n<p>[\/et_pb_text][et_pb_divider color=&#8220;#919191&#8243; disabled_on=&#8220;on|on|off&#8220; admin_label=&#8220;Teiler&#8220; _builder_version=&#8220;3.23.4&#8243; height=&#8220;2px&#8220;] [\/et_pb_divider][\/et_pb_column][\/et_pb_row][et_pb_row column_structure=&#8220;1_3,1_3,1_3&#8243; _builder_version=&#8220;4.4.7&#8243;][et_pb_column type=&#8220;1_3&#8243; _builder_version=&#8220;4.4.7&#8243;][et_pb_blurb title=&#8220;CE-Betriebsanleitungen&#8220; use_icon=&#8220;on&#8220; font_icon=&#8220;%%75%%&#8220; _builder_version=&#8220;4.8.2&#8243;]<\/p>\n<p>1990\u2019dan beri DIN 8418 ve AB y\u00f6netmelikleri gibi ilgili normatif gerekliliklere uygun olarak teknik k\u0131lavuzlar, montaj ve bak\u0131m talimatlar\u0131 \u00fcretmekteyiz.<\/p>\n<p>Makine, tesis ve ara\u00e7 \u00fcretimine odaklanmaktay\u0131z. Bunlar, pres \u00fcretimi ve kontrol\u00fc i\u00e7in \u00e7al\u0131\u015ft\u0131rma ve kullan\u0131m k\u0131lavuzlar\u0131n\u0131n yan\u0131 s\u0131ra ara\u00e7 transmisyon yap\u0131s\u0131 i\u00e7in onar\u0131m k\u0131lavuzlar\u0131 veya tak\u0131m tezgahlar\u0131, tesisler ve ekipman i\u00e7in yabanc\u0131 dillerde k\u0131lavuzlar\u0131 i\u00e7erir.<\/p>\n<p>Teknik k\u0131lavuzlar ve dok\u00fcmantasyon i\u00e7in \u00e7eviri i\u015fimizin buradan geli\u015fmi\u015ftir.<\/p>\n<p>[\/et_pb_blurb][\/et_pb_column][et_pb_column type=&#8220;1_3&#8243; _builder_version=&#8220;4.4.7&#8243;][et_pb_blurb title=&#8220;Montageanleitungen&#8220; use_icon=&#8220;on&#8220; font_icon=&#8220;%%75%%&#8220; _builder_version=&#8220;4.8.2&#8243; hover_enabled=&#8220;0&#8243; sticky_enabled=&#8220;0&#8243;]<\/p>\n<p>Titiz \u00fcr\u00fcn e\u011fitiminden sonra metinleri ve ayr\u0131 montaj ad\u0131mlar\u0131n\u0131n ayr\u0131nt\u0131l\u0131 resimlerini veya foto\u011fraflar\u0131n\u0131 haz\u0131rl\u0131yoruz.<br \/>Burada di\u015fli kutusu \u00fcretimi (onar\u0131m talimatlar\u0131) ve ekipman \u00fcretimindeki (mod\u00fcllerin montaj\u0131) deneyimimize g\u00fcveniyoruz.<br \/>At\u00f6lyemizde \u00fcniteleri ve di\u015fli kutular\u0131n\u0131 par\u00e7alar\u0131na ay\u0131rabiliyor ve ad\u0131mlar\u0131 videoyla belgeleyebiliyoruz. Ard\u0131ndan edit\u00f6r\u00fcm\u00fcz videoyu izleyerek metinleri yaz\u0131yor ve ayr\u0131 g\u00f6r\u00fcnt\u00fcler olarak montaj resimlerini se\u00e7iyor. Resimler Photoshop\u2019ta r\u00f6tu\u015flan\u0131yor ve y\u00fcksek kaliteli bask\u0131 i\u00e7in haz\u0131rlan\u0131yor.<\/p>\n<p>[\/et_pb_blurb][\/et_pb_column][et_pb_column type=&#8220;1_3&#8243; _builder_version=&#8220;4.4.7&#8243;][et_pb_blurb title=&#8220;Wartungsanleitungen&#8220; use_icon=&#8220;on&#8220; font_icon=&#8220;%%75%%&#8220; _builder_version=&#8220;4.8.2&#8243;]<\/p>\n<p>DIN 8659 ve DIN 11042 standartlar\u0131na g\u00f6re a\u00e7\u0131klay\u0131c\u0131 metin, bak\u0131m ve ya\u011flama talimatlar\u0131n\u0131n bulundu\u011fu bak\u0131m k\u0131lavuzlar\u0131 olu\u015fturuyoruz.<\/p>\n<p>M\u00fc\u015fteriye \u00f6zel gereksinimler de dikkate al\u0131n\u0131yor ve dok\u00fcmantasyona ekleniyor.<\/p>\n<p>Baz\u0131 durumlarda edit\u00f6rlerimiz bilgileri olabildi\u011finde h\u0131zl\u0131 almak i\u00e7in m\u00fc\u015fterinin \u201c\u00fcretim tesisinde\u201d \u00e7al\u0131\u015f\u0131yorlar.<\/p>\n<p>[\/et_pb_blurb][\/et_pb_column][\/et_pb_row][\/et_pb_section]<\/p>","protected":false},"excerpt":{"rendered":"<p>Anleitungen aller Art Seit 1990 fertigen wir Technische Handb\u00fccher, Montage- und Wartungsanleitungen nach den jeweiligen normativen Anforderungen, wie z. B. DIN 8418 und EU-Richtlinien. Schwerpunkte sind Maschinen-, Anlagen- sowie Fahrzeugbau. Hierzu z\u00e4hlten Betriebs- und Bedienungsanleitungen f\u00fcr Pressenbau bzw. -steuerung genauso wie Reparaturanleitungen f\u00fcr den Fahrzeug-Getriebebau oder fremdsprachliche Handb\u00fccher f\u00fcr Werkzeugmaschinen, Anlagen und Ger\u00e4tebau. Daraus entwickelte [&hellip;]<\/p>","protected":false},"author":4,"featured_media":0,"parent":0,"menu_order":0,"comment_status":"closed","ping_status":"closed","template":"","meta":{"_et_pb_use_builder":"on","_et_pb_old_content":"<!-- wp:paragraph {\"fontSize\":\"large\"} -->\n<p class=\"has-large-font-size\">Seit 1990 fertigen wir Technische Handb\u00fccher nach den jeweiligen normativen Anforderungen an, wie z. B. DIN 8418 und EU-Richtlinien. <br>Schwerpunkte sind Maschinen-, Anlagen- sowie Fahrzeugbau. Hierzu z\u00e4hlen Betriebs- und Bedienungsanleitungen f\u00fcr Pressenbau bzw. -steuerung genauso wie Reparaturanleitungen f\u00fcr den Fahrzeug-Getriebebau oder fremdsprachliche Handb\u00fccher f\u00fcr Werkzeugmaschinen, Anlagen und Ger\u00e4tebau. <br>Auf klare produktspezifische Strukturierung und Verst\u00e4ndlichkeit der Textbausteine legen wir ebenso gro\u00dfen Wert wie auf den Einsatz von selbsterkl\u00e4renden Piktogrammen in Kombination mit 3D-Darstellungen als Strichgrafik.<\/p>\n<!-- \/wp:paragraph -->\n\n<!-- wp:paragraph {\"fontSize\":\"large\"} -->\n<p class=\"has-large-font-size\">Interleaf, FrameMaker, PageMaker, QuarkXpress und WinWord sind die Programme, die wir je nach Kundenwunsch daf\u00fcr einsetzen.<\/p>\n<!-- \/wp:paragraph -->","_et_gb_content_width":"1080","footnotes":""},"class_list":["post-231","page","type-page","status-publish","hentry"],"_links":{"self":[{"href":"https:\/\/dokutec.de\/tr\/wp-json\/wp\/v2\/pages\/231","targetHints":{"allow":["GET"]}}],"collection":[{"href":"https:\/\/dokutec.de\/tr\/wp-json\/wp\/v2\/pages"}],"about":[{"href":"https:\/\/dokutec.de\/tr\/wp-json\/wp\/v2\/types\/page"}],"author":[{"embeddable":true,"href":"https:\/\/dokutec.de\/tr\/wp-json\/wp\/v2\/users\/4"}],"replies":[{"embeddable":true,"href":"https:\/\/dokutec.de\/tr\/wp-json\/wp\/v2\/comments?post=231"}],"version-history":[{"count":9,"href":"https:\/\/dokutec.de\/tr\/wp-json\/wp\/v2\/pages\/231\/revisions"}],"predecessor-version":[{"id":1479,"href":"https:\/\/dokutec.de\/tr\/wp-json\/wp\/v2\/pages\/231\/revisions\/1479"}],"wp:attachment":[{"href":"https:\/\/dokutec.de\/tr\/wp-json\/wp\/v2\/media?parent=231"}],"curies":[{"name":"wp","href":"https:\/\/api.w.org\/{rel}","templated":true}]}}