{"id":167,"date":"2020-07-29T22:38:50","date_gmt":"2020-07-29T20:38:50","guid":{"rendered":"https:\/\/dokutec.de\/?page_id=167"},"modified":"2020-11-05T16:21:41","modified_gmt":"2020-11-05T15:21:41","slug":"jobs","status":"publish","type":"page","link":"https:\/\/dokutec.de\/tr\/jobs\/","title":{"rendered":"Kariyer"},"content":{"rendered":"<p>[et_pb_section fb_built=&#8220;1&#8243; _builder_version=&#8220;3.22&#8243;][et_pb_row padding_mobile=&#8220;off&#8220; column_padding_mobile=&#8220;on&#8220; admin_label=&#8220;row&#8220; _builder_version=&#8220;4.4.7&#8243; background_size=&#8220;initial&#8220; background_position=&#8220;top_left&#8220; background_repeat=&#8220;repeat&#8220; custom_padding=&#8220;67px|||||&#8220; make_fullwidth=&#8220;off&#8220; use_custom_width=&#8220;off&#8220; width_unit=&#8220;on&#8220;][et_pb_column type=&#8220;4_4&#8243; _builder_version=&#8220;3.25&#8243; custom_padding=&#8220;|||&#8220; custom_padding__hover=&#8220;|||&#8220;][et_pb_text admin_label=&#8220;Text&#8220; _builder_version=&#8220;4.4.7&#8243; background_size=&#8220;initial&#8220; background_position=&#8220;top_left&#8220; background_repeat=&#8220;repeat&#8220; text_orientation=&#8220;center&#8220; module_alignment=&#8220;center&#8220; custom_padding=&#8220;9px|||||&#8220;]<\/p>\n<h1>Kariyer<\/h1>\n<p>[\/et_pb_text][et_pb_divider color=&#8220;#919191&#8243; disabled_on=&#8220;on|on|off&#8220; admin_label=&#8220;Teiler&#8220; _builder_version=&#8220;3.23.4&#8243; height=&#8220;2px&#8220;] [\/et_pb_divider][\/et_pb_column][\/et_pb_row][et_pb_row _builder_version=&#8220;3.25&#8243; background_size=&#8220;initial&#8220; background_position=&#8220;top_left&#8220; background_repeat=&#8220;repeat&#8220;][et_pb_column type=&#8220;4_4&#8243; _builder_version=&#8220;3.25&#8243; custom_padding=&#8220;|||&#8220; custom_padding__hover=&#8220;|||&#8220;][et_pb_blurb title=&#8220;Sie sind \u00dcbersetzerin oder \u00dcbersetzer und haben Kapazit\u00e4t?&#8220; use_icon=&#8220;on&#8220; font_icon=&#8220;%%101%%&#8220; icon_color=&#8220;#5b5b5b&#8220; _builder_version=&#8220;4.4.7&#8243; hover_enabled=&#8220;0&#8243;]<\/p>\n<p>T\u00fcm dillerde serbest \u00e7evirmenlerle \u00e7al\u0131\u015f\u0131yoruz.<\/p>\n<p>\u0130\u015f ar\u0131yorsan\u0131z l\u00fctfen bize yetkinlik profilinizi ve uzmanl\u0131k alanlar\u0131n\u0131z\u0131 a\u00e7\u0131klad\u0131\u011f\u0131n\u0131z k\u0131sa bir e-posta g\u00f6nderin.<\/p>\n<p>Bir talep oldu\u011funda sizinle irtibata ge\u00e7ece\u011fiz.<\/p>\n<p>[\/et_pb_blurb][\/et_pb_column][\/et_pb_row][\/et_pb_section]<\/p>","protected":false},"excerpt":{"rendered":"<p>Jobs Wir vergeben Auftr\u00e4ge in allen Sprachen an freie \u00dcbersetzer. Wenn Sie Auftr\u00e4ge suchen, schreiben Sie uns bitte eine kurze E-Mail mit Ihrem Qualifikationsprofil und Ihren Schwerpunkten. Wir melden uns bei Ihnen, sobald Bedarf anliegt.<\/p>","protected":false},"author":4,"featured_media":0,"parent":0,"menu_order":0,"comment_status":"closed","ping_status":"closed","template":"","meta":{"_et_pb_use_builder":"on","_et_pb_old_content":"<!-- wp:paragraph -->\n<p><\/p>\n<!-- \/wp:paragraph -->\n\n<!-- wp:heading {\"level\":3} -->\n<h3>Sie sind \u00dcbersetzerin oder \u00dcbersetzer und haben Kapazit\u00e4t?<\/h3>\n<!-- \/wp:heading -->\n\n<!-- wp:paragraph -->\n<p><\/p>\n<!-- \/wp:paragraph -->\n\n<!-- wp:paragraph {\"className\":\"\u201eintro\",\"fontSize\":\"large\"} -->\n<p class=\"\u201eintro has-large-font-size\">Wir vergeben Auftr\u00e4ge in den europ\u00e4ischen Sprachen an freie \u00dcbersetzer. Pro Jahr f\u00fcr bis zu 15.000 \u20ac pro Sprache! Wenn Sie Auftr\u00e4ge suchen, schreiben Sie uns bitte eine kurze E-Mail mit Ihrem Qualifikationsprofil und Ihren Schwerpunkten. Wir melden uns umgehend bei Ihnen.<\/p>\n<!-- \/wp:paragraph -->","_et_gb_content_width":"1080","footnotes":""},"class_list":["post-167","page","type-page","status-publish","hentry"],"_links":{"self":[{"href":"https:\/\/dokutec.de\/tr\/wp-json\/wp\/v2\/pages\/167","targetHints":{"allow":["GET"]}}],"collection":[{"href":"https:\/\/dokutec.de\/tr\/wp-json\/wp\/v2\/pages"}],"about":[{"href":"https:\/\/dokutec.de\/tr\/wp-json\/wp\/v2\/types\/page"}],"author":[{"embeddable":true,"href":"https:\/\/dokutec.de\/tr\/wp-json\/wp\/v2\/users\/4"}],"replies":[{"embeddable":true,"href":"https:\/\/dokutec.de\/tr\/wp-json\/wp\/v2\/comments?post=167"}],"version-history":[{"count":9,"href":"https:\/\/dokutec.de\/tr\/wp-json\/wp\/v2\/pages\/167\/revisions"}],"predecessor-version":[{"id":1337,"href":"https:\/\/dokutec.de\/tr\/wp-json\/wp\/v2\/pages\/167\/revisions\/1337"}],"wp:attachment":[{"href":"https:\/\/dokutec.de\/tr\/wp-json\/wp\/v2\/media?parent=167"}],"curies":[{"name":"wp","href":"https:\/\/api.w.org\/{rel}","templated":true}]}}