{"id":135,"date":"2020-07-29T08:33:44","date_gmt":"2020-07-29T06:33:44","guid":{"rendered":"https:\/\/dokutec.de\/?page_id=135"},"modified":"2020-11-05T16:21:41","modified_gmt":"2020-11-05T15:21:41","slug":"startseite","status":"publish","type":"page","link":"https:\/\/dokutec.de\/tr\/","title":{"rendered":"Ana sayfa"},"content":{"rendered":"<p>[et_pb_section fb_built=&#8220;1&#8243; fullwidth=&#8220;on&#8220; custom_padding_last_edited=&#8220;on|desktop&#8220; admin_label=&#8220;section&#8220; _builder_version=&#8220;3.22&#8243; custom_padding=&#8220;50||50|&#8220; custom_padding_tablet=&#8220;50px|0|50px|0&#8243; custom_padding_phone=&#8220;&#8220; transparent_background=&#8220;off&#8220; padding_mobile=&#8220;off&#8220; make_fullwidth=&#8220;off&#8220; use_custom_width=&#8220;off&#8220; width_unit=&#8220;on&#8220;][et_pb_fullwidth_slider admin_label=&#8220;Vollbreiter Slider&#8220; _builder_version=&#8220;4.4.7&#8243; header_text_color=&#8220;#000000&#8243; background_color=&#8220;#d8d2c8&#8243; custom_button=&#8220;on&#8220; button_text_color=&#8220;#000000&#8243; button_use_icon=&#8220;off&#8220; custom_padding=&#8220;250||250|&#8220; custom_padding_tablet=&#8220;|||&#8220; custom_padding_phone=&#8220;|||&#8220; box_shadow_style=&#8220;preset6&#8243; box_shadow_blur=&#8220;10px&#8220; box_shadow_color=&#8220;rgba(0,0,0,0.1)&#8220; button_letter_spacing_hover=&#8220;0&#8243; top_padding=&#8220;250&#8243; bottom_padding=&#8220;250&#8243; remove_inner_shadow=&#8220;off&#8220; hide_content_on_mobile=&#8220;off&#8220; hide_cta_on_mobile=&#8220;off&#8220; show_inner_shadow=&#8220;on&#8220; button_text_size__hover_enabled=&#8220;off&#8220; button_one_text_size__hover_enabled=&#8220;off&#8220; button_two_text_size__hover_enabled=&#8220;off&#8220; button_text_color__hover_enabled=&#8220;off&#8220; button_one_text_color__hover_enabled=&#8220;off&#8220; button_two_text_color__hover_enabled=&#8220;off&#8220; button_border_width__hover_enabled=&#8220;off&#8220; button_one_border_width__hover_enabled=&#8220;off&#8220; button_two_border_width__hover_enabled=&#8220;off&#8220; button_border_color__hover_enabled=&#8220;off&#8220; button_one_border_color__hover_enabled=&#8220;off&#8220; button_two_border_color__hover_enabled=&#8220;off&#8220; button_border_radius__hover_enabled=&#8220;off&#8220; button_one_border_radius__hover_enabled=&#8220;off&#8220; button_two_border_radius__hover_enabled=&#8220;off&#8220; button_letter_spacing__hover_enabled=&#8220;on&#8220; button_letter_spacing__hover=&#8220;0&#8243; button_one_letter_spacing__hover_enabled=&#8220;off&#8220; button_two_letter_spacing__hover_enabled=&#8220;off&#8220; button_bg_color__hover_enabled=&#8220;off&#8220; button_one_bg_color__hover_enabled=&#8220;off&#8220; button_two_bg_color__hover_enabled=&#8220;off&#8220;][et_pb_slide heading=&#8220;DOKUTEC Technik GmbH&#8220; button_link=&#8220;@ET-DC@eyJkeW5hbWljIjp0cnVlLCJjb250ZW50IjoicG9zdF9saW5rX3VybF9wYWdlIiwic2V0dGluZ3MiOnsicG9zdF9pZCI6Ijc4In19@&#8220; _builder_version=&#8220;4.4.7&#8243; _dynamic_attributes=&#8220;button_link&#8220; background_image=&#8220;https:\/\/dokutec.de\/wp-content\/uploads\/2020\/08\/vbpzrgd7gfc-scaled.jpg&#8220; background_enable_image=&#8220;on&#8220; button_icon_placement=&#8220;right&#8220; button_on_hover=&#8220;on&#8220; button_text_size__hover_enabled=&#8220;off&#8220; button_one_text_size__hover_enabled=&#8220;off&#8220; button_two_text_size__hover_enabled=&#8220;off&#8220; button_text_color__hover_enabled=&#8220;off&#8220; button_one_text_color__hover_enabled=&#8220;off&#8220; button_two_text_color__hover_enabled=&#8220;off&#8220; button_border_width__hover_enabled=&#8220;off&#8220; button_one_border_width__hover_enabled=&#8220;off&#8220; button_two_border_width__hover_enabled=&#8220;off&#8220; button_border_color__hover_enabled=&#8220;off&#8220; button_one_border_color__hover_enabled=&#8220;off&#8220; button_two_border_color__hover_enabled=&#8220;off&#8220; button_border_radius__hover_enabled=&#8220;off&#8220; button_one_border_radius__hover_enabled=&#8220;off&#8220; button_two_border_radius__hover_enabled=&#8220;off&#8220; button_letter_spacing__hover_enabled=&#8220;off&#8220; button_one_letter_spacing__hover_enabled=&#8220;off&#8220; button_two_letter_spacing__hover_enabled=&#8220;off&#8220; button_bg_color__hover_enabled=&#8220;off&#8220; button_one_bg_color__hover_enabled=&#8220;off&#8220; button_two_bg_color__hover_enabled=&#8220;off&#8220;]<\/p>\n<h2><span style=\"color: #000000;\">Teknik \u00e7eviri<\/span><\/h2>\n<p>[\/et_pb_slide][\/et_pb_fullwidth_slider][\/et_pb_section][et_pb_section fb_built=&#8220;1&#8243; custom_padding_last_edited=&#8220;on|desktop&#8220; admin_label=&#8220;section&#8220; module_id=&#8220;agentur&#8220; _builder_version=&#8220;3.22&#8243; background_color=&#8220;#ffffff&#8220; custom_padding=&#8220;0px|||&#8220; custom_padding_tablet=&#8220;50px|0|50px|0&#8243; custom_padding_phone=&#8220;&#8220; transparent_background=&#8220;off&#8220; padding_mobile=&#8220;off&#8220; make_fullwidth=&#8220;off&#8220; use_custom_width=&#8220;off&#8220; width_unit=&#8220;on&#8220;][et_pb_row padding_mobile=&#8220;off&#8220; column_padding_mobile=&#8220;on&#8220; admin_label=&#8220;row&#8220; _builder_version=&#8220;4.4.7&#8243; background_size=&#8220;initial&#8220; background_position=&#8220;top_left&#8220; background_repeat=&#8220;repeat&#8220; custom_padding=&#8220;67px|||||&#8220; make_fullwidth=&#8220;off&#8220; use_custom_width=&#8220;off&#8220; width_unit=&#8220;on&#8220;][et_pb_column type=&#8220;4_4&#8243; _builder_version=&#8220;3.25&#8243; custom_padding=&#8220;|||&#8220; custom_padding__hover=&#8220;|||&#8220;][et_pb_text admin_label=&#8220;Text&#8220; _builder_version=&#8220;4.4.7&#8243; background_size=&#8220;initial&#8220; background_position=&#8220;top_left&#8220; background_repeat=&#8220;repeat&#8220; text_orientation=&#8220;center&#8220; module_alignment=&#8220;center&#8220; custom_padding=&#8220;9px|||||&#8220;]<\/p>\n<h1>DOKUTEC Technik GmbH\u2019a ho\u015f geldiniz<\/h1>\n<p>[\/et_pb_text][et_pb_divider color=&#8220;#919191&#8243; disabled_on=&#8220;on|on|off&#8220; admin_label=&#8220;Teiler&#8220; _builder_version=&#8220;3.23.4&#8243; height=&#8220;2px&#8220;] [\/et_pb_divider][\/et_pb_column][\/et_pb_row][et_pb_row column_structure=&#8220;3_5,2_5&#8243; _builder_version=&#8220;4.4.7&#8243;][et_pb_column type=&#8220;3_5&#8243; _builder_version=&#8220;4.4.7&#8243;][et_pb_text _builder_version=&#8220;4.4.7&#8243; hover_enabled=&#8220;0&#8243;]<\/p>\n<p>DOKUTEC Technik GmbH\u2019a ho\u015f geldiniz<\/p>\n<p>\u0130ki tekerlekli ara\u00e7 ve yedek par\u00e7a ticaretinin yan\u0131 s\u0131ra elektrikli cihazlar\u0131n teknik dok\u00fcmantasyonu ve grafikleri, yap\u0131m\u0131 ve ticaretinden sonra g\u00fcn\u00fcm\u00fczde ana odak noktam\u0131z teknik \u00e7evirilerin DIN 2345\u2019e g\u00f6re yap\u0131lmas\u0131d\u0131r. Quicksilver, FrameMaker, MS-Office, Trados Workbench ve Multiterm, en iyi sonucu elde etmek i\u00e7in kulland\u0131\u011f\u0131m\u0131z standart programlar\u0131m\u0131zd\u0131r.<\/p>\n<p>\u00c7eviri departman\u0131m\u0131zda t\u00fcm diller, standartlarla uyumlu ve m\u00fc\u015fteri odakl\u0131 anlay\u0131\u015fla, DIN 2345\u2019e uygun olarak ele al\u0131nmaktad\u0131r.<\/p>\n<p>Windows i\u015fletim sistemli bilgisayarlar\u0131m\u0131zla t\u00fcm Office formatlar\u0131nda ve Framemaker ve Quicksilver\u2019da \u00e7al\u0131\u015fabilmekteyiz.<\/p>\n<p>Teslimat e-posta ile, b\u00fcy\u00fck hacimli verilerde WeTransfer veya CD veya USB bellekte posta yoluyla yap\u0131lmaktad\u0131r.<\/p>\n<p>Uzun s\u00fcreli m\u00fc\u015fterilerimiz aras\u0131nda a\u015fa\u011f\u0131daki \u015firketler bulunmaktad\u0131r:<\/p>\n<ul>\n<li>Karl Mayer Textilmaschinen, Obertshausen<\/li>\n<li>Karl Mayer Technische Textilien, Chemnitz<\/li>\n<li>Karl Mayer China, Changzhou<\/li>\n<li>Kern &amp; Sohn Waagen, Balingen,<\/li>\n<li>Ucon Thielmann Container, Hausach<\/li>\n<li>Holter Regelarmaturen, Schloss Holte-Stukenbrock<\/li>\n<li>Br\u00e4cklein Hebe- und F\u00f6rdertechnik, Bogel<\/li>\n<li>Doosan Logistics Europe GmbH, Bersteland<\/li>\n<li>GKS Hydraulik, Kressbronn<\/li>\n<li>Handtmann GmbH &amp; Co. KG, Biberach\/Riss<\/li>\n<\/ul>\n<p>[\/et_pb_text][\/et_pb_column][et_pb_column type=&#8220;2_5&#8243; _builder_version=&#8220;4.4.7&#8243;][et_pb_image src=&#8220;https:\/\/dokutec.de\/wp-content\/uploads\/2020\/09\/A7307525_sw-scaled.jpg&#8220; title_text=&#8220;A7307525_sw&#8220; _builder_version=&#8220;4.4.7&#8243;][\/et_pb_image][\/et_pb_column][\/et_pb_row][\/et_pb_section]<\/p>","protected":false},"excerpt":{"rendered":"<p>Technische \u00dcbersetzungenWILLKOMMEN bei DOKUTEC Technik GmbH Die dokutec GmbH wurde 1990 gegr\u00fcndet. Nach der Erstellung von technischen Dokumentationen und Grafiken, Konstruktion und Handel von Elektrofahrzeugen, sowie Zweirad- und Ersatzteilhandel, ist der Schwerpunkt heute die Anfertigung von technischen \u00dcbersetzungen nach DIN 2345. Quicksilver, FrameMaker, MS-Office, Trados Workbench und Multiterm sind unsere Standardprogramme, die wir hierf\u00fcr einsetzen, [&hellip;]<\/p>","protected":false},"author":4,"featured_media":0,"parent":0,"menu_order":0,"comment_status":"closed","ping_status":"closed","template":"","meta":{"_et_pb_use_builder":"on","_et_pb_old_content":"<!-- wp:columns -->\n<div class=\"wp-block-columns\"><!-- wp:column {\"width\":5} -->\n<div class=\"wp-block-column\" style=\"flex-basis:5%\"><\/div>\n<!-- \/wp:column -->\n\n<!-- wp:column -->\n<div class=\"wp-block-column\"><!-- wp:paragraph -->\n<p>Die dokutec GmbH wurde 1990 gegr\u00fcndet.<\/p>\n<!-- \/wp:paragraph -->\n\n<!-- wp:paragraph {\"align\":\"left\"} -->\n<p class=\"has-text-align-left\">Schwerpunkt ist die Erstellung von technischen \u00dcbersetzungen nach DIN 2345, Websites, Grafiken und Dokumentationen. <br>Interleaf, FrameMaker, PageMaker, QuarkXpress, MS-Office, Trados Workbench und Multiterm sowie Star Transit bzw. Termstar sind unsere Standardprogramme, die wir hierf\u00fcr einsetzen, um ein optimales Ergebnis zu gew\u00e4hrleisten.<\/p>\n<!-- \/wp:paragraph -->\n\n<!-- wp:paragraph {\"align\":\"left\"} -->\n<p class=\"has-text-align-left\">In der \u00dcbersetzungsabteilung werden alle Sprachen nach DIN 2345 normkonform und kundengerecht verarbeitet. Mac- und Windows-PCs erlauben die Verarbeitung nahezu aller Dateiformate. FTP- und ISDN-Transfer sind der Garant f\u00fcr schnelle Kommunikation und termingerechte Lieferung.<\/p>\n<!-- \/wp:paragraph -->\n\n<!-- wp:paragraph -->\n<p>Zu unserer langj\u00e4hrigen Kundenschaft z\u00e4hlen unter anderen die <br>- Adam OPEL AG<br>- Irmscher Automobilbau<br>- Bizerba Waagen<br>- ABB Automation CH <br>- AEG Hausger\u00e4te <br>- Fast Media<br>- UWT Apparatebau <br>- Branson Ultraschall<br>- Handtmann GmbH &amp; Co. KG<br>- Karl Mayer Textilmaschinen GmbH <br>- etc.<\/p>\n<!-- \/wp:paragraph -->\n\n<!-- wp:paragraph -->\n<p><br>Wir freuen uns \u00fcber Ihr Interesse und beantworten gerne Ihre Anfragen.<\/p>\n<!-- \/wp:paragraph --><\/div>\n<!-- \/wp:column -->\n\n<!-- wp:column {\"width\":5} -->\n<div class=\"wp-block-column\" style=\"flex-basis:5%\"><\/div>\n<!-- \/wp:column --><\/div>\n<!-- \/wp:columns -->\n\n<!-- wp:paragraph -->\n<p><\/p>\n<!-- \/wp:paragraph -->","_et_gb_content_width":"","footnotes":""},"class_list":["post-135","page","type-page","status-publish","hentry"],"_links":{"self":[{"href":"https:\/\/dokutec.de\/tr\/wp-json\/wp\/v2\/pages\/135","targetHints":{"allow":["GET"]}}],"collection":[{"href":"https:\/\/dokutec.de\/tr\/wp-json\/wp\/v2\/pages"}],"about":[{"href":"https:\/\/dokutec.de\/tr\/wp-json\/wp\/v2\/types\/page"}],"author":[{"embeddable":true,"href":"https:\/\/dokutec.de\/tr\/wp-json\/wp\/v2\/users\/4"}],"replies":[{"embeddable":true,"href":"https:\/\/dokutec.de\/tr\/wp-json\/wp\/v2\/comments?post=135"}],"version-history":[{"count":27,"href":"https:\/\/dokutec.de\/tr\/wp-json\/wp\/v2\/pages\/135\/revisions"}],"predecessor-version":[{"id":1351,"href":"https:\/\/dokutec.de\/tr\/wp-json\/wp\/v2\/pages\/135\/revisions\/1351"}],"wp:attachment":[{"href":"https:\/\/dokutec.de\/tr\/wp-json\/wp\/v2\/media?parent=135"}],"curies":[{"name":"wp","href":"https:\/\/api.w.org\/{rel}","templated":true}]}}