{"id":231,"date":"2020-08-17T16:20:07","date_gmt":"2020-08-17T14:20:07","guid":{"rendered":"https:\/\/dokutec.de\/?page_id=231"},"modified":"2023-07-22T20:34:07","modified_gmt":"2023-07-22T18:34:07","slug":"anleitungen","status":"publish","type":"page","link":"https:\/\/dokutec.de\/ru\/anleitungen\/","title":{"rendered":"\u0418\u043d\u0441\u0442\u0440\u0443\u043a\u0446\u0438\u0438 \u043f\u043e \u044d\u043a\u0441\u043f\u043b\u0443\u0430\u0442\u0430\u0446\u0438\u0438 CE"},"content":{"rendered":"<p>[et_pb_section fb_built=&#8220;1&#8243; _builder_version=&#8220;3.22&#8243;][et_pb_row padding_mobile=&#8220;off&#8220; column_padding_mobile=&#8220;on&#8220; admin_label=&#8220;row&#8220; _builder_version=&#8220;4.4.7&#8243; background_size=&#8220;initial&#8220; background_position=&#8220;top_left&#8220; background_repeat=&#8220;repeat&#8220; custom_padding=&#8220;67px|||||&#8220; make_fullwidth=&#8220;off&#8220; use_custom_width=&#8220;off&#8220; width_unit=&#8220;on&#8220;][et_pb_column type=&#8220;4_4&#8243; _builder_version=&#8220;3.25&#8243; custom_padding=&#8220;|||&#8220; custom_padding__hover=&#8220;|||&#8220;][et_pb_text admin_label=&#8220;Text&#8220; _builder_version=&#8220;4.4.7&#8243; background_size=&#8220;initial&#8220; background_position=&#8220;top_left&#8220; background_repeat=&#8220;repeat&#8220; text_orientation=&#8220;center&#8220; module_alignment=&#8220;center&#8220; custom_padding=&#8220;9px|||||&#8220;]<\/p>\n<h1>\u0418\u043d\u0441\u0442\u0440\u0443\u043a\u0446\u0438\u0438 \u0432\u0441\u0435\u0445 \u0432\u0438\u0434\u043e\u0432<\/h1>\n<p>[\/et_pb_text][et_pb_divider color=&#8220;#919191&#8243; disabled_on=&#8220;on|on|off&#8220; admin_label=&#8220;Teiler&#8220; _builder_version=&#8220;3.23.4&#8243; height=&#8220;2px&#8220;] [\/et_pb_divider][\/et_pb_column][\/et_pb_row][et_pb_row column_structure=&#8220;1_3,1_3,1_3&#8243; _builder_version=&#8220;4.4.7&#8243;][et_pb_column type=&#8220;1_3&#8243; _builder_version=&#8220;4.4.7&#8243;][et_pb_blurb title=&#8220;CE-Betriebsanleitungen&#8220; use_icon=&#8220;on&#8220; font_icon=&#8220;%%75%%&#8220; _builder_version=&#8220;4.8.2&#8243;]<\/p>\n<p>\u0421 1990 \u0433\u043e\u0434\u0430 \u043c\u044b \u043f\u0440\u043e\u0438\u0437\u0432\u043e\u0434\u0438\u043c \u0442\u0435\u0445\u043d\u0438\u0447\u0435\u0441\u043a\u0438\u0435 \u0440\u0443\u043a\u043e\u0432\u043e\u0434\u0441\u0442\u0432\u0430, \u0438\u043d\u0441\u0442\u0440\u0443\u043a\u0446\u0438\u0438 \u043f\u043e \u043c\u043e\u043d\u0442\u0430\u0436\u0443 \u0438 \u0442\u0435\u0445\u043d\u0438\u0447\u0435\u0441\u043a\u043e\u043c\u0443 \u043e\u0431\u0441\u043b\u0443\u0436\u0438\u0432\u0430\u043d\u0438\u044e \u0432 \u0441\u043e\u043e\u0442\u0432\u0435\u0442\u0441\u0442\u0432\u0438\u0438 \u0441 \u0434\u0435\u0439\u0441\u0442\u0432\u0443\u044e\u0449\u0438\u043c\u0438 \u043d\u043e\u0440\u043c\u0430\u0442\u0438\u0432\u043d\u044b\u043c\u0438 \u0442\u0440\u0435\u0431\u043e\u0432\u0430\u043d\u0438\u044f\u043c\u0438, \u0442\u0430\u043a\u0438\u043c\u0438 \u043a\u0430\u043a, \u043d\u0430\u043f\u0440\u0438\u043c\u0435\u0440, DIN 8418 \u0438 \u0434\u0438\u0440\u0435\u043a\u0442\u0438\u0432\u044b \u0415\u0421.<\/p>\n<p>\u041e\u0441\u043d\u043e\u0432\u043d\u043e\u0435 \u0432\u043d\u0438\u043c\u0430\u043d\u0438\u0435 \u0443\u0434\u0435\u043b\u044f\u0435\u0442\u0441\u044f \u043c\u0430\u0448\u0438\u043d\u043e\u0441\u0442\u0440\u043e\u0435\u043d\u0438\u044e, \u043f\u0440\u043e\u0438\u0437\u0432\u043e\u0434\u0441\u0442\u0432\u0443 \u0443\u0441\u0442\u0430\u043d\u043e\u0432\u043e\u043a \u0438 \u0442\u0440\u0430\u043d\u0441\u043f\u043e\u0440\u0442\u043d\u044b\u0445 \u0441\u0440\u0435\u0434\u0441\u0442\u0432. \u0421\u044e\u0434\u0430 \u0432\u0445\u043e\u0434\u0438\u043b\u0438 \u0438\u043d\u0441\u0442\u0440\u0443\u043a\u0446\u0438\u0438 \u043f\u043e \u044d\u043a\u0441\u043f\u043b\u0443\u0430\u0442\u0430\u0446\u0438\u0438 \u0438 \u043e\u0431\u0441\u043b\u0443\u0436\u0438\u0432\u0430\u043d\u0438\u044e \u0434\u043b\u044f \u0438\u0437\u0433\u043e\u0442\u043e\u0432\u043b\u0435\u043d\u0438\u044f \u0438 \u0443\u043f\u0440\u0430\u0432\u043b\u0435\u043d\u0438\u044f \u043f\u0440\u0435\u0441\u0441\u043e\u0432\u044b\u043c \u043e\u0431\u043e\u0440\u0443\u0434\u043e\u0432\u0430\u043d\u0438\u0435\u043c, \u0430 \u0442\u0430\u043a\u0436\u0435 \u0438\u043d\u0441\u0442\u0440\u0443\u043a\u0446\u0438\u0438 \u043f\u043e \u0440\u0435\u043c\u043e\u043d\u0442\u0443 \u0442\u0440\u0430\u043d\u0441\u043c\u0438\u0441\u0441\u0438\u0438 \u0442\u0440\u0430\u043d\u0441\u043f\u043e\u0440\u0442\u043d\u044b\u0445 \u0441\u0440\u0435\u0434\u0441\u0442\u0432 \u0438\u043b\u0438 \u0440\u0443\u043a\u043e\u0432\u043e\u0434\u0441\u0442\u0432\u0430 \u043d\u0430 \u0438\u043d\u043e\u0441\u0442\u0440\u0430\u043d\u043d\u044b\u0445 \u044f\u0437\u044b\u043a\u0430\u0445 \u0434\u043b\u044f \u0438\u0437\u0433\u043e\u0442\u043e\u0432\u043b\u0435\u043d\u0438\u044f \u0441\u0442\u0430\u043d\u043a\u043e\u0432, \u0441\u0438\u0441\u0442\u0435\u043c \u0438 \u043e\u0431\u043e\u0440\u0443\u0434\u043e\u0432\u0430\u043d\u0438\u044f.<\/p>\n<p>\u041d\u0430\u0448\u0430 \u0434\u0435\u044f\u0442\u0435\u043b\u044c\u043d\u043e\u0441\u0442\u044c \u043f\u043e \u043f\u0435\u0440\u0435\u0432\u043e\u0434\u0443 \u0442\u0435\u0445\u043d\u0438\u0447\u0435\u0441\u043a\u0438\u0445 \u0438\u043d\u0441\u0442\u0440\u0443\u043a\u0446\u0438\u0439 \u0438 \u0434\u043e\u043a\u0443\u043c\u0435\u043d\u0442\u0430\u0446\u0438\u0438 \u0440\u0430\u0437\u0432\u0438\u043b\u0430\u0441\u044c \u043d\u0430 \u043e\u0441\u043d\u043e\u0432\u0435 \u043f\u0440\u0438\u043e\u0431\u0440\u0435\u0442\u0435\u043d\u043d\u043e\u0433\u043e \u0432 \u044d\u0442\u0438\u0445 \u0441\u0444\u0435\u0440\u0430\u0445 \u043e\u043f\u044b\u0442\u0430.<\/p>\n<p>[\/et_pb_blurb][\/et_pb_column][et_pb_column type=&#8220;1_3&#8243; _builder_version=&#8220;4.4.7&#8243;][et_pb_blurb title=&#8220;Montageanleitungen&#8220; use_icon=&#8220;on&#8220; font_icon=&#8220;%%75%%&#8220; _builder_version=&#8220;4.8.2&#8243; hover_enabled=&#8220;0&#8243; sticky_enabled=&#8220;0&#8243;]<\/p>\n<p>\u041c\u044b \u0441\u043e\u0437\u0434\u0430\u0435\u043c \u0442\u0435\u043a\u0441\u0442\u044b \u0438 \u043f\u043e\u0434\u0440\u043e\u0431\u043d\u044b\u0435 \u0438\u043b\u043b\u044e\u0441\u0442\u0440\u0430\u0446\u0438\u0438 \u0438\u043b\u0438 \u0444\u043e\u0442\u043e\u0433\u0440\u0430\u0444\u0438\u0438 \u043e\u0442\u0434\u0435\u043b\u044c\u043d\u044b\u0445 \u044d\u0442\u0430\u043f\u043e\u0432 \u0441\u0431\u043e\u0440\u043a\u0438 \u043f\u043e\u0441\u043b\u0435 \u0442\u0449\u0430\u0442\u0435\u043b\u044c\u043d\u043e\u0433\u043e \u043e\u0431\u0443\u0447\u0435\u043d\u0438\u044f \u0440\u0430\u0431\u043e\u0442\u0435 \u0441 \u043f\u0440\u043e\u0434\u0443\u043a\u0442\u043e\u043c.<br \/>\u0417\u0434\u0435\u0441\u044c \u043c\u044b \u0441\u0441\u044b\u043b\u0430\u0435\u043c\u0441\u044f \u043d\u0430 \u043d\u0430\u0448 \u043e\u043f\u044b\u0442 \u0432 \u043f\u0440\u043e\u0438\u0437\u0432\u043e\u0434\u0441\u0442\u0432\u0435  \u0440\u0435\u0434\u0443\u043a\u0442\u043e\u0440\u043e\u0432 (\u0438\u043d\u0441\u0442\u0440\u0443\u043a\u0446\u0438\u0438 \u043f\u043e \u0440\u0435\u043c\u043e\u043d\u0442\u0443) \u0438 \u0438\u0437\u0433\u043e\u0442\u043e\u0432\u043b\u0435\u043d\u0438\u0438 \u043e\u0431\u043e\u0440\u0443\u0434\u043e\u0432\u0430\u043d\u0438\u044f (\u0441\u0431\u043e\u0440\u043a\u0430 \u043c\u043e\u0434\u0443\u043b\u0435\u0439).<br \/>\u041c\u044b \u043c\u043e\u0436\u0435\u043c \u0434\u0435\u043c\u043e\u043d\u0442\u0438\u0440\u043e\u0432\u0430\u0442\u044c \u043e\u0431\u043e\u0440\u0443\u0434\u043e\u0432\u0430\u043d\u0438\u0435 \u0438 \u0440\u0435\u0434\u0443\u043a\u0442\u043e\u0440\u044b \u0432 \u043d\u0430\u0448\u0435\u0439 \u043c\u0430\u0441\u0442\u0435\u0440\u0441\u043a\u043e\u0439 \u0438 \u0437\u0430\u0434\u043e\u043a\u0443\u043c\u0435\u043d\u0442\u0438\u0440\u043e\u0432\u0430\u0442\u044c \u0432\u0441\u0435 \u0448\u0430\u0433\u0438 \u043d\u0430 \u0432\u0438\u0434\u0435\u043e. \u0417\u0430\u0442\u0435\u043c \u0440\u0435\u0434\u0430\u043a\u0442\u043e\u0440, \u043f\u0440\u043e\u0441\u043c\u0430\u0442\u0440\u0438\u0432\u0430\u044f \u0432\u0438\u0434\u0435\u043e, \u043f\u0438\u0448\u0435\u0442 \u043d\u0430 \u0438\u0445 \u043e\u0441\u043d\u043e\u0432\u0435 \u0442\u0435\u043a\u0441\u0442\u044b \u0438 \u0441\u043d\u0430\u0431\u0436\u0430\u0435\u0442 \u0438\u0445 \u0438\u0437\u043e\u0431\u0440\u0430\u0436\u0435\u043d\u0438\u044f\u043c\u0438, \u043f\u043e\u044f\u0441\u043d\u044f\u044e\u0449\u0438\u043c\u0438 \u0441\u0443\u0442\u044c \u043f\u0440\u043e\u0446\u0435\u0441\u0441\u0430. \u0418\u0437\u043e\u0431\u0440\u0430\u0436\u0435\u043d\u0438\u044f \u043e\u0442\u0440\u0435\u0442\u0443\u0448\u0438\u0440\u043e\u0432\u0430\u043d\u044b \u0432 \u043f\u0440\u043e\u0433\u0440\u0430\u043c\u043c\u0435 Photoshop \u0438 \u043f\u043e\u0434\u0433\u043e\u0442\u043e\u0432\u043b\u0435\u043d\u044b \u043a \u043a\u0430\u0447\u0435\u0441\u0442\u0432\u0435\u043d\u043d\u043e\u0439 \u043f\u0435\u0447\u0430\u0442\u0438.<\/p>\n<p>[\/et_pb_blurb][\/et_pb_column][et_pb_column type=&#8220;1_3&#8243; _builder_version=&#8220;4.4.7&#8243;][et_pb_blurb title=&#8220;Wartungsanleitungen&#8220; use_icon=&#8220;on&#8220; font_icon=&#8220;%%75%%&#8220; _builder_version=&#8220;4.8.2&#8243;]<\/p>\n<p>\u0420\u0443\u043a\u043e\u0432\u043e\u0434\u0441\u0442\u0432\u0443\u044f\u0441\u044c  \u0441\u0442\u0430\u043d\u0434\u0430\u0440\u0442\u0430\u043c\u0438 DIN 8659 \u0438 DIN 11042, \u043c\u044b \u0441\u043e\u0441\u0442\u0430\u0432\u043b\u044f\u0435\u043c \u0436\u0443\u0440\u043d\u0430\u043b\u044b \u0442\u0435\u0445\u043d\u0438\u0447\u0435\u0441\u043a\u043e\u0433\u043e \u043e\u0431\u0441\u043b\u0443\u0436\u0438\u0432\u0430\u043d\u0438\u044f \u0441 \u043e\u043f\u0438\u0441\u0430\u0442\u0435\u043b\u044c\u043d\u044b\u043c\u0438 \u0442\u0435\u043a\u0441\u0442\u0430\u043c\u0438, \u0438\u043d\u0441\u0442\u0440\u0443\u043a\u0446\u0438\u044f\u043c\u0438 \u043f\u043e \u043e\u0431\u0441\u043b\u0443\u0436\u0438\u0432\u0430\u043d\u0438\u044e \u0438 \u0441\u043c\u0430\u0437\u043a\u0435.<\/p>\n<p>\u041f\u0440\u0438 \u044d\u0442\u043e\u043c \u043c\u044b \u0442\u043e\u0447\u043d\u043e \u0443\u0447\u0438\u0442\u044b\u0432\u0430\u0435\u043c \u0438 \u043e\u0442\u0440\u0430\u0436\u0430\u0435\u043c \u0432 \u0434\u043e\u043a\u0443\u043c\u0435\u043d\u0442\u0430\u0446\u0438\u0438 \u0432\u0441\u0435 \u0442\u0440\u0435\u0431\u043e\u0432\u0430\u043d\u0438\u044f \u0437\u0430\u043a\u0430\u0437\u0447\u0438\u043a\u0430.<\/p>\n<p>\u0418\u043d\u043e\u0433\u0434\u0430 \u043d\u0430\u0448\u0438 \u0440\u0435\u0434\u0430\u043a\u0442\u043e\u0440\u044b \u0440\u0430\u0431\u043e\u0442\u0430\u044e\u0442 \u043f\u0440\u044f\u043c\u043e \u043d\u0430 \u201e\u0441\u0442\u0440\u043e\u0439\u043f\u043b\u043e\u0449\u0430\u0434\u043a\u0435\u201c \u0437\u0430\u043a\u0430\u0437\u0447\u0438\u043a\u0430, \u0447\u0442\u043e\u0431\u044b \u043a\u0430\u043a \u043c\u043e\u0436\u043d\u043e \u0431\u044b\u0441\u0442\u0440\u0435\u0435 \u043f\u043e\u043b\u0443\u0447\u0438\u0442\u044c \u043d\u0435\u043e\u0431\u0445\u043e\u0434\u0438\u043c\u0443\u044e \u0438\u043d\u0444\u043e\u0440\u043c\u0430\u0446\u0438\u044e.<\/p>\n<p>[\/et_pb_blurb][\/et_pb_column][\/et_pb_row][\/et_pb_section]<\/p>","protected":false},"excerpt":{"rendered":"<p>Anleitungen aller Art Seit 1990 fertigen wir Technische Handb\u00fccher, Montage- und Wartungsanleitungen nach den jeweiligen normativen Anforderungen, wie z. B. DIN 8418 und EU-Richtlinien. Schwerpunkte sind Maschinen-, Anlagen- sowie Fahrzeugbau. Hierzu z\u00e4hlten Betriebs- und Bedienungsanleitungen f\u00fcr Pressenbau bzw. -steuerung genauso wie Reparaturanleitungen f\u00fcr den Fahrzeug-Getriebebau oder fremdsprachliche Handb\u00fccher f\u00fcr Werkzeugmaschinen, Anlagen und Ger\u00e4tebau. Daraus entwickelte [&hellip;]<\/p>","protected":false},"author":4,"featured_media":0,"parent":0,"menu_order":0,"comment_status":"closed","ping_status":"closed","template":"","meta":{"_et_pb_use_builder":"on","_et_pb_old_content":"<!-- wp:paragraph {\"fontSize\":\"large\"} -->\n<p class=\"has-large-font-size\">Seit 1990 fertigen wir Technische Handb\u00fccher nach den jeweiligen normativen Anforderungen an, wie z. B. DIN 8418 und EU-Richtlinien. <br>Schwerpunkte sind Maschinen-, Anlagen- sowie Fahrzeugbau. Hierzu z\u00e4hlen Betriebs- und Bedienungsanleitungen f\u00fcr Pressenbau bzw. -steuerung genauso wie Reparaturanleitungen f\u00fcr den Fahrzeug-Getriebebau oder fremdsprachliche Handb\u00fccher f\u00fcr Werkzeugmaschinen, Anlagen und Ger\u00e4tebau. <br>Auf klare produktspezifische Strukturierung und Verst\u00e4ndlichkeit der Textbausteine legen wir ebenso gro\u00dfen Wert wie auf den Einsatz von selbsterkl\u00e4renden Piktogrammen in Kombination mit 3D-Darstellungen als Strichgrafik.<\/p>\n<!-- \/wp:paragraph -->\n\n<!-- wp:paragraph {\"fontSize\":\"large\"} -->\n<p class=\"has-large-font-size\">Interleaf, FrameMaker, PageMaker, QuarkXpress und WinWord sind die Programme, die wir je nach Kundenwunsch daf\u00fcr einsetzen.<\/p>\n<!-- \/wp:paragraph -->","_et_gb_content_width":"1080","footnotes":""},"class_list":["post-231","page","type-page","status-publish","hentry"],"_links":{"self":[{"href":"https:\/\/dokutec.de\/ru\/wp-json\/wp\/v2\/pages\/231","targetHints":{"allow":["GET"]}}],"collection":[{"href":"https:\/\/dokutec.de\/ru\/wp-json\/wp\/v2\/pages"}],"about":[{"href":"https:\/\/dokutec.de\/ru\/wp-json\/wp\/v2\/types\/page"}],"author":[{"embeddable":true,"href":"https:\/\/dokutec.de\/ru\/wp-json\/wp\/v2\/users\/4"}],"replies":[{"embeddable":true,"href":"https:\/\/dokutec.de\/ru\/wp-json\/wp\/v2\/comments?post=231"}],"version-history":[{"count":9,"href":"https:\/\/dokutec.de\/ru\/wp-json\/wp\/v2\/pages\/231\/revisions"}],"predecessor-version":[{"id":1479,"href":"https:\/\/dokutec.de\/ru\/wp-json\/wp\/v2\/pages\/231\/revisions\/1479"}],"wp:attachment":[{"href":"https:\/\/dokutec.de\/ru\/wp-json\/wp\/v2\/media?parent=231"}],"curies":[{"name":"wp","href":"https:\/\/api.w.org\/{rel}","templated":true}]}}