{"id":167,"date":"2020-07-29T22:38:50","date_gmt":"2020-07-29T20:38:50","guid":{"rendered":"https:\/\/dokutec.de\/?page_id=167"},"modified":"2020-11-05T16:21:41","modified_gmt":"2020-11-05T15:21:41","slug":"jobs","status":"publish","type":"page","link":"https:\/\/dokutec.de\/ru\/jobs\/","title":{"rendered":"\u0420\u0430\u0431\u043e\u0442\u0430"},"content":{"rendered":"<p>[et_pb_section fb_built=&#8220;1&#8243; _builder_version=&#8220;3.22&#8243;][et_pb_row padding_mobile=&#8220;off&#8220; column_padding_mobile=&#8220;on&#8220; admin_label=&#8220;row&#8220; _builder_version=&#8220;4.4.7&#8243; background_size=&#8220;initial&#8220; background_position=&#8220;top_left&#8220; background_repeat=&#8220;repeat&#8220; custom_padding=&#8220;67px|||||&#8220; make_fullwidth=&#8220;off&#8220; use_custom_width=&#8220;off&#8220; width_unit=&#8220;on&#8220;][et_pb_column type=&#8220;4_4&#8243; _builder_version=&#8220;3.25&#8243; custom_padding=&#8220;|||&#8220; custom_padding__hover=&#8220;|||&#8220;][et_pb_text admin_label=&#8220;Text&#8220; _builder_version=&#8220;4.4.7&#8243; background_size=&#8220;initial&#8220; background_position=&#8220;top_left&#8220; background_repeat=&#8220;repeat&#8220; text_orientation=&#8220;center&#8220; module_alignment=&#8220;center&#8220; custom_padding=&#8220;9px|||||&#8220;]<\/p>\n<h1>\u0420\u0430\u0431\u043e\u0442\u0430<\/h1>\n<p>[\/et_pb_text][et_pb_divider color=&#8220;#919191&#8243; disabled_on=&#8220;on|on|off&#8220; admin_label=&#8220;Teiler&#8220; _builder_version=&#8220;3.23.4&#8243; height=&#8220;2px&#8220;] [\/et_pb_divider][\/et_pb_column][\/et_pb_row][et_pb_row _builder_version=&#8220;3.25&#8243; background_size=&#8220;initial&#8220; background_position=&#8220;top_left&#8220; background_repeat=&#8220;repeat&#8220;][et_pb_column type=&#8220;4_4&#8243; _builder_version=&#8220;3.25&#8243; custom_padding=&#8220;|||&#8220; custom_padding__hover=&#8220;|||&#8220;][et_pb_blurb title=&#8220;Sie sind \u00dcbersetzerin oder \u00dcbersetzer und haben Kapazit\u00e4t?&#8220; use_icon=&#8220;on&#8220; font_icon=&#8220;%%101%%&#8220; icon_color=&#8220;#5b5b5b&#8220; _builder_version=&#8220;4.4.7&#8243; hover_enabled=&#8220;0&#8243;]<\/p>\n<p>\u041c\u044b \u0437\u0430\u043a\u043b\u044e\u0447\u0430\u0435\u043c \u043a\u043e\u043d\u0442\u0440\u0430\u043a\u0442\u044b \u0441 \u0432\u043d\u0435\u0448\u0442\u0430\u0442\u043d\u044b\u043c\u0438 \u043f\u0435\u0440\u0435\u0432\u043e\u0434\u0447\u0438\u043a\u0430\u043c\u0438 \u043d\u0430 \u0432\u0441\u0435\u0445 \u044f\u0437\u044b\u043a\u0430\u0445.<\/p>\n<p>\u0415\u0441\u043b\u0438 \u0432\u044b \u0438\u0449\u0435\u0442\u0435 \u0434\u043e\u043f\u043e\u043b\u043d\u0438\u0442\u0435\u043b\u044c\u043d\u044b\u0435 \u0437\u0430\u043a\u0430\u0437\u044b, \u043e\u0442\u043f\u0440\u0430\u0432\u044c\u0442\u0435 \u043d\u0430\u043c \u043a\u043e\u0440\u043e\u0442\u043a\u043e\u0435 \u044d\u043b\u0435\u043a\u0442\u0440\u043e\u043d\u043d\u043e\u0435 \u043f\u0438\u0441\u044c\u043c\u043e \u0441 \u0432\u0430\u0448\u0438\u043c \u043a\u0432\u0430\u043b\u0438\u0444\u0438\u043a\u0430\u0446\u0438\u043e\u043d\u043d\u044b\u043c \u043f\u0440\u043e\u0444\u0438\u043b\u0435\u043c \u0438 \u0432\u0430\u0448\u0435\u0439 \u0441\u043f\u0435\u0446\u0438\u0430\u043b\u0438\u0437\u0430\u0446\u0438\u0435\u0439.<\/p>\n<p>\u041c\u044b \u0441\u0432\u044f\u0436\u0435\u043c\u0441\u044f \u0441 \u0432\u0430\u043c\u0438, \u043a\u0430\u043a \u0442\u043e\u043b\u044c\u043a\u043e \u0432\u043e\u0437\u043d\u0438\u043a\u043d\u0435\u0442 \u0441\u043e\u043e\u0442\u0432\u0435\u0442\u0441\u0442\u0432\u0443\u044e\u0449\u0430\u044f \u043f\u043e\u0442\u0440\u0435\u0431\u043d\u043e\u0441\u0442\u044c.<\/p>\n<p>[\/et_pb_blurb][\/et_pb_column][\/et_pb_row][\/et_pb_section]<\/p>","protected":false},"excerpt":{"rendered":"<p>Jobs Wir vergeben Auftr\u00e4ge in allen Sprachen an freie \u00dcbersetzer. Wenn Sie Auftr\u00e4ge suchen, schreiben Sie uns bitte eine kurze E-Mail mit Ihrem Qualifikationsprofil und Ihren Schwerpunkten. Wir melden uns bei Ihnen, sobald Bedarf anliegt.<\/p>","protected":false},"author":4,"featured_media":0,"parent":0,"menu_order":0,"comment_status":"closed","ping_status":"closed","template":"","meta":{"_et_pb_use_builder":"on","_et_pb_old_content":"<!-- wp:paragraph -->\n<p><\/p>\n<!-- \/wp:paragraph -->\n\n<!-- wp:heading {\"level\":3} -->\n<h3>Sie sind \u00dcbersetzerin oder \u00dcbersetzer und haben Kapazit\u00e4t?<\/h3>\n<!-- \/wp:heading -->\n\n<!-- wp:paragraph -->\n<p><\/p>\n<!-- \/wp:paragraph -->\n\n<!-- wp:paragraph {\"className\":\"\u201eintro\",\"fontSize\":\"large\"} -->\n<p class=\"\u201eintro has-large-font-size\">Wir vergeben Auftr\u00e4ge in den europ\u00e4ischen Sprachen an freie \u00dcbersetzer. Pro Jahr f\u00fcr bis zu 15.000 \u20ac pro Sprache! Wenn Sie Auftr\u00e4ge suchen, schreiben Sie uns bitte eine kurze E-Mail mit Ihrem Qualifikationsprofil und Ihren Schwerpunkten. Wir melden uns umgehend bei Ihnen.<\/p>\n<!-- \/wp:paragraph -->","_et_gb_content_width":"1080","footnotes":""},"class_list":["post-167","page","type-page","status-publish","hentry"],"_links":{"self":[{"href":"https:\/\/dokutec.de\/ru\/wp-json\/wp\/v2\/pages\/167","targetHints":{"allow":["GET"]}}],"collection":[{"href":"https:\/\/dokutec.de\/ru\/wp-json\/wp\/v2\/pages"}],"about":[{"href":"https:\/\/dokutec.de\/ru\/wp-json\/wp\/v2\/types\/page"}],"author":[{"embeddable":true,"href":"https:\/\/dokutec.de\/ru\/wp-json\/wp\/v2\/users\/4"}],"replies":[{"embeddable":true,"href":"https:\/\/dokutec.de\/ru\/wp-json\/wp\/v2\/comments?post=167"}],"version-history":[{"count":9,"href":"https:\/\/dokutec.de\/ru\/wp-json\/wp\/v2\/pages\/167\/revisions"}],"predecessor-version":[{"id":1337,"href":"https:\/\/dokutec.de\/ru\/wp-json\/wp\/v2\/pages\/167\/revisions\/1337"}],"wp:attachment":[{"href":"https:\/\/dokutec.de\/ru\/wp-json\/wp\/v2\/media?parent=167"}],"curies":[{"name":"wp","href":"https:\/\/api.w.org\/{rel}","templated":true}]}}