{"id":78,"date":"2020-07-23T18:24:34","date_gmt":"2020-07-23T16:24:34","guid":{"rendered":"https:\/\/dokutec.de\/?page_id=78"},"modified":"2020-10-15T10:34:01","modified_gmt":"2020-10-15T08:34:01","slug":"wir-ueber-uns","status":"publish","type":"page","link":"https:\/\/dokutec.de\/nl\/wir-ueber-uns\/","title":{"rendered":"Over ons"},"content":{"rendered":"<p>[et_pb_section fb_built=&#8220;1&#8243; _builder_version=&#8220;3.22&#8243; background_color=&#8220;#ffffff&#8220; transparent_background=&#8220;off&#8220;][et_pb_row _builder_version=&#8220;4.4.7&#8243;][et_pb_column _builder_version=&#8220;4.4.7&#8243; type=&#8220;4_4&#8243;][et_pb_text _builder_version=&#8220;4.4.7&#8243; hover_enabled=&#8220;0&#8243;]<\/p>\n<h1 style=\"text-align: center;\">Over ons<\/h1>\n<p>[\/et_pb_text][\/et_pb_column][\/et_pb_row][et_pb_row _builder_version=&#8220;3.25&#8243; background_size=&#8220;initial&#8220; background_position=&#8220;top_left&#8220; background_repeat=&#8220;repeat&#8220; column_structure=&#8220;1_2,1_2&#8243;][et_pb_column type=&#8220;1_2&#8243; _builder_version=&#8220;3.25&#8243; custom_padding=&#8220;|||&#8220; custom_padding__hover=&#8220;|||&#8220;][et_pb_blurb url=&#8220;#&#8220; image_max_width=&#8220;none&#8220; admin_label=&#8220;Informationstext&#8220; _builder_version=&#8220;4.4.7&#8243; background_size=&#8220;initial&#8220; background_position=&#8220;top_left&#8220; background_repeat=&#8220;repeat&#8220; text_orientation=&#8220;center&#8220; hover_enabled=&#8220;0&#8243;]<\/p>\n<p style=\"text-align: left;\">De firma dokutec GmbH werd in 1990 opgericht.<br \/> Schwerpunkt ist die Erstellung von technischen \u00dcbersetzungen nach DIN 2345, Websites, Grafiken und Dokumentationen.<br \/> Interleaf, FrameMaker, PageMaker, QuarkXpress, MS-Office, Trados Workbench und Multiterm sowie Star Transit bzw. Termstar sind unsere Standardprogramme, die wir hierf\u00fcr einsetzen, um ein optimales Ergebnis zu gew\u00e4hrleisten.<\/p>\n<p style=\"text-align: left;\">Op de vertaalafdeling worden alle talen conform DIN 2345 normconform en klantgericht verwerkt.<\/p>\n<p style=\"text-align: left;\">Mac- und Windows-PCs erlauben die Verarbeitung nahezu aller Dateiformate. FTP- und ISDN-Transfer sind der Garant f\u00fcr schnelle Kommunikation und termingerechte Lieferung.<br \/> Zu unserer langj\u00e4hrigen Kundenschaft z\u00e4hlen unter anderen die Adam OPEL AG, Irmscher Automobilbau, Bizerba Waagen, ABB Automation CH, AEG Hausger\u00e4te, Fast Media, UWT Apparatebau, Branson Ultraschall, Handtmann GmbH &amp; Co. KG, Karl Mayer Textilmaschinen GmbH, etc.<br \/> <strong>Wir freuen uns \u00fcber Ihr Interesse und beantworten gerne Ihre Anfragen.<\/strong><\/p>\n<p>[\/et_pb_blurb][\/et_pb_column][et_pb_column type=&#8220;1_2&#8243; _builder_version=&#8220;3.25&#8243; custom_padding=&#8220;|||&#8220; custom_padding__hover=&#8220;|||&#8220;][et_pb_image src=&#8220;https:\/\/dokutec.de\/wp-content\/uploads\/2020\/09\/A7307525_sw-scaled.jpg&#8220; _builder_version=&#8220;4.4.7&#8243; title_text=&#8220;A7307525_sw&#8220; hover_enabled=&#8220;0&#8243;][\/et_pb_image][\/et_pb_column][\/et_pb_row][\/et_pb_section]<\/p>","protected":false},"excerpt":{"rendered":"<p>Wir \u00fcber uns Die dokutec GmbH wurde 1990 gegr\u00fcndet. Schwerpunkt ist die Erstellung von technischen \u00dcbersetzungen nach DIN 2345, Websites, Grafiken und Dokumentationen. Interleaf, FrameMaker, PageMaker, QuarkXpress, MS-Office, Trados Workbench und Multiterm sowie Star Transit bzw. Termstar sind unsere Standardprogramme, die wir hierf\u00fcr einsetzen, um ein optimales Ergebnis zu gew\u00e4hrleisten. In der \u00dcbersetzungsabteilung werden alle [&hellip;]<\/p>","protected":false},"author":1,"featured_media":0,"parent":0,"menu_order":0,"comment_status":"closed","ping_status":"closed","template":"","meta":{"_et_pb_use_builder":"on","_et_pb_old_content":"<!-- wp:paragraph {\"fontSize\":\"large\"} -->\n<p class=\"has-large-font-size\">Die dokutec GmbH wurde 1990 gegr\u00fcndet.<br>Schwerpunkt ist die Erstellung von technischen \u00dcbersetzungen nach DIN 2345, Websites, Grafiken und Dokumentationen. <br>Interleaf, FrameMaker, PageMaker, QuarkXpress, MS-Office, Trados Workbench und Multiterm sowie Star Transit bzw. Termstar sind unsere Standardprogramme, die wir hierf\u00fcr einsetzen, um ein optimales Ergebnis zu gew\u00e4hrleisten.<\/p>\n<!-- \/wp:paragraph -->\n\n<!-- wp:paragraph {\"fontSize\":\"large\"} -->\n<p class=\"has-large-font-size\">In der \u00dcbersetzungsabteilung werden alle Sprachen nach DIN 2345 normkonform und kundengerecht verarbeitet. <\/p>\n<!-- \/wp:paragraph -->\n\n<!-- wp:paragraph {\"fontSize\":\"large\"} -->\n<p class=\"has-large-font-size\">Mac- und Windows-PCs erlauben die Verarbeitung nahezu aller Dateiformate. FTP- und ISDN-Transfer sind der Garant f\u00fcr schnelle Kommunikation und termingerechte Lieferung.<br>Zu unserer langj\u00e4hrigen Kundenschaft z\u00e4hlen unter anderen die Adam OPEL AG, Irmscher Automobilbau, Bizerba Waagen, ABB Automation CH, AEG Hausger\u00e4te, Fast Media, UWT Apparatebau, Branson Ultraschall, Handtmann GmbH &amp; Co. KG, Karl Mayer Textilmaschinen GmbH, etc.<br><\/p>\n<!-- \/wp:paragraph -->\n\n<!-- wp:heading -->\n<h2><strong>Wir freuen uns \u00fcber Ihr Interesse und beantworten gerne Ihre Anfragen.<\/strong><\/h2>\n<!-- \/wp:heading -->","_et_gb_content_width":"","footnotes":""},"class_list":["post-78","page","type-page","status-publish","hentry"],"_links":{"self":[{"href":"https:\/\/dokutec.de\/nl\/wp-json\/wp\/v2\/pages\/78","targetHints":{"allow":["GET"]}}],"collection":[{"href":"https:\/\/dokutec.de\/nl\/wp-json\/wp\/v2\/pages"}],"about":[{"href":"https:\/\/dokutec.de\/nl\/wp-json\/wp\/v2\/types\/page"}],"author":[{"embeddable":true,"href":"https:\/\/dokutec.de\/nl\/wp-json\/wp\/v2\/users\/1"}],"replies":[{"embeddable":true,"href":"https:\/\/dokutec.de\/nl\/wp-json\/wp\/v2\/comments?post=78"}],"version-history":[{"count":6,"href":"https:\/\/dokutec.de\/nl\/wp-json\/wp\/v2\/pages\/78\/revisions"}],"predecessor-version":[{"id":1331,"href":"https:\/\/dokutec.de\/nl\/wp-json\/wp\/v2\/pages\/78\/revisions\/1331"}],"wp:attachment":[{"href":"https:\/\/dokutec.de\/nl\/wp-json\/wp\/v2\/media?parent=78"}],"curies":[{"name":"wp","href":"https:\/\/api.w.org\/{rel}","templated":true}]}}