{"id":84,"date":"2020-07-23T18:24:34","date_gmt":"2020-07-23T16:24:34","guid":{"rendered":"https:\/\/dokutec.de\/?page_id=84"},"modified":"2023-07-22T19:21:48","modified_gmt":"2023-07-22T17:21:48","slug":"taetigkeitsgebiet","status":"publish","type":"page","link":"https:\/\/dokutec.de\/fr\/taetigkeitsgebiet\/","title":{"rendered":"Champs d'activit\u00e9"},"content":{"rendered":"<p>[et_pb_section fb_built=&#8220;1&#8243; admin_label=&#8220;section&#8220; _builder_version=&#8220;3.22&#8243;][et_pb_row padding_mobile=&#8220;off&#8220; column_padding_mobile=&#8220;on&#8220; admin_label=&#8220;row&#8220; _builder_version=&#8220;4.4.7&#8243; background_size=&#8220;initial&#8220; background_position=&#8220;top_left&#8220; background_repeat=&#8220;repeat&#8220; custom_padding=&#8220;67px|||||&#8220; make_fullwidth=&#8220;off&#8220; use_custom_width=&#8220;off&#8220; width_unit=&#8220;on&#8220;][et_pb_column type=&#8220;4_4&#8243; _builder_version=&#8220;3.25&#8243; custom_padding=&#8220;|||&#8220; custom_padding__hover=&#8220;|||&#8220;][et_pb_text admin_label=&#8220;Text&#8220; _builder_version=&#8220;4.4.7&#8243; background_size=&#8220;initial&#8220; background_position=&#8220;top_left&#8220; background_repeat=&#8220;repeat&#8220; text_orientation=&#8220;center&#8220; module_alignment=&#8220;center&#8220; custom_padding=&#8220;9px|||||&#8220;]<\/p>\n<h1>Notre domaine d'activit\u00e9<\/h1>\n<p>[\/et_pb_text][et_pb_divider color=&#8220;#919191&#8243; disabled_on=&#8220;on|on|off&#8220; admin_label=&#8220;Teiler&#8220; _builder_version=&#8220;3.23.4&#8243; height=&#8220;2px&#8220;] [\/et_pb_divider][et_pb_text _builder_version=&#8220;4.4.7&#8243;]<\/p>\n<h3>...une petite digression sur les \u00ab\u00a0langues exotiques\u00a0\u00bb.<\/h3>\n<p>[\/et_pb_text][\/et_pb_column][\/et_pb_row][et_pb_row column_structure=&#8220;1_2,1_2&#8243; _builder_version=&#8220;4.4.7&#8243;][et_pb_column type=&#8220;1_2&#8243; _builder_version=&#8220;4.4.7&#8243;][et_pb_text _builder_version=&#8220;4.8.2&#8243;]Chinesisch wird in der Regel von links nach rechts geschrieben, in einzelnen F\u00e4llen bei z. B. Plakaten oder Annoncen von oben nach unten. Der Zeichenumfang asiatischer Sprachen ist sehr gro\u00df. Zum Vergleich: eine Arial f\u00fcr eine westliche, f\u00fcr die kyrillische, baltische, griechische, osteurop\u00e4ische, russische, arabische, hebr\u00e4ische und t\u00fcrkische Sprache hat eine Dateigr\u00f6\u00dfe von 266 KByte, eine asiatische dagegen 10499 KByte.<\/p>\n<p>Arabisch wird von rechts nach links geschrieben.[\/et_pb_text][\/et_pb_column][et_pb_column type=&#8220;1_2&#8243; _builder_version=&#8220;4.4.7&#8243;][et_pb_text _builder_version=&#8220;4.4.7&#8243;]<\/p>\n<p>Les caract\u00e8res modifiables sont disponibles dans Word pour Windows apr\u00e8s l'installation du support linguistique. Les polices de caract\u00e8res n\u00e9cessaires sont \u00e9galement install\u00e9es. Pour obtenir des caract\u00e8res chinois, il faut \u00e9galement un syst\u00e8me de saisie qui permette \u00e0 l'utilisateur d'entrer un caract\u00e8re sur la base d'une cha\u00eene de caract\u00e8res occidentale. Ceci est inclus par d\u00e9faut dans nos programmes.<\/p>\n<p>Pour l'arabe, le texte doit \u00eatre align\u00e9 \u00e0 droite et \u00e9crit \u00e0 partir de la droite. Cette prise en charge est activ\u00e9e dans le programme Param\u00e8tres linguistiques de MS Office.<\/p>\n<p>[\/et_pb_text][\/et_pb_column][\/et_pb_row][et_pb_row column_structure=&#8220;1_2,1_2&#8243; _builder_version=&#8220;4.4.7&#8243;][et_pb_column type=&#8220;1_2&#8243; _builder_version=&#8220;4.4.7&#8243;][et_pb_image src=&#8220;https:\/\/dokutec.de\/wp-content\/uploads\/2020\/07\/et5mfj1eb94-scaled.jpg&#8220; alt=&#8220;white pencil beside book&#8220; title_text=&#8220;Foto von Kelly Sikkema&#8220; _builder_version=&#8220;4.4.7&#8243;][\/et_pb_image][\/et_pb_column][et_pb_column type=&#8220;1_2&#8243; _builder_version=&#8220;4.4.7&#8243;][et_pb_text _builder_version=&#8220;4.4.7&#8243;]<\/p>\n<p><strong>Note sur la navigation dans les langues de droite \u00e0 gauche (Word pour Windows)<\/strong><br \/> La navigation dans les langues qui s'\u00e9crivent de droite \u00e0 gauche (arabe, h\u00e9breu) est tr\u00e8s complexe, puisque, par exemple, les s\u00e9quences de chiffres sont \u00e0 nouveau \u00e9crites de gauche \u00e0 droite. Ainsi, aucune r\u00e8gle continue ne peut \u00eatre d\u00e9finie.<br \/> Le marquage, la suppression en avant et en arri\u00e8re ainsi que la navigation dans le document n\u00e9cessitent une certaine exp\u00e9rience. Visuellement, les chiffres et le texte sont les m\u00eames, mais ont des directions diff\u00e9rentes.<\/p>\n<p>[\/et_pb_text][\/et_pb_column][\/et_pb_row][et_pb_row _builder_version=&#8220;4.4.7&#8243;][et_pb_column type=&#8220;4_4&#8243; _builder_version=&#8220;4.4.7&#8243;][et_pb_text _builder_version=&#8220;4.4.7&#8243;]<\/p>\n<p>La direction ne peut \u00eatre d\u00e9termin\u00e9e, il faut donc placer le curseur et utiliser la touche fl\u00e9ch\u00e9e pour d\u00e9terminer la direction dans laquelle le curseur se d\u00e9place. Le chiffre ou un texte occidental ins\u00e9r\u00e9 va de gauche \u00e0 droite, le texte arabe de droite \u00e0 gauche. Il en va de m\u00eame pour le marquage. Par cons\u00e9quent, dans la plupart des cas, le curseur doit d'abord \u00eatre positionn\u00e9 1 ou 2 caract\u00e8res en arri\u00e8re afin de pouvoir repartir de la bonne position lorsque le marquage est lanc\u00e9. <br \/>Les tabulations et les espaces aiment aussi changer de direction, car ils ne sont pas affect\u00e9s \u00e0 une seule langue. Ainsi, la navigation est complexe m\u00eame dans un texte purement occidental si un espace arabe appara\u00eet dans le texte. <br \/>Un autre inconv\u00e9nient est que le texte occidental marqu\u00e9 en arabe ne peut pas \u00eatre r\u00e9initialis\u00e9 en texte occidental, sauf en le r\u00e9ins\u00e9rant comme texte occidental.<\/p>\n<p>[\/et_pb_text][\/et_pb_column][\/et_pb_row][et_pb_row column_structure=&#8220;1_2,1_2&#8243; _builder_version=&#8220;4.4.7&#8243;][et_pb_column type=&#8220;1_2&#8243; _builder_version=&#8220;4.4.7&#8243;][et_pb_text _builder_version=&#8220;4.8.2&#8243;]Im Arbeitsablauf ist es derzeit so, dass unsere Kunden zuerst das Word-Dokument zur Korrektur erhalten und dieses Dokument von ihrer zust\u00e4ndigen Auslandsvertretung oder \u00e4hnlichem pr\u00fcfen lassen und die erforderlichen Korrekturen ggf. in Word einarbeiten.<\/p>\n<p>Une fois le processus de relecture termin\u00e9, la mise en page est ajust\u00e9e pour correspondre exactement \u00e0 l'original. <br \/>Les documents sont imprim\u00e9s pour une v\u00e9rification finale. Comme r\u00e9f\u00e9rence, nous nous r\u00e9f\u00e9rons entre autres \u00e0 Baier &amp; K\u00f6ppel GmbH &amp; Co. KG, VDMA et Karl Mayer Textilmaschinenfabrik, dont nous avons \u00e9galement \u00e9dit\u00e9 les documents et catalogues en arabe.<\/p>\n<p>Si les traductions doivent \u00eatre imprim\u00e9es en arabe ou en chinois, il est toujours n\u00e9cessaire d'obtenir une d\u00e9charge du client afin d'\u00e9viter que la question \u00ab\u00a0Qui est responsable des co\u00fbts d'impression \u00e9lev\u00e9s\u00a0\u00bb ne se pose.<\/p>\n<p>[\/et_pb_text][\/et_pb_column][et_pb_column type=&#8220;1_2&#8243; _builder_version=&#8220;4.4.7&#8243;][et_pb_image src=&#8220;https:\/\/dokutec.de\/wp-content\/uploads\/2020\/07\/r8h8k3w9aza-scaled.jpg&#8220; alt=&#8220;white and black printer paper&#8220; title_text=&#8220;Foto von Syed Hussaini&#8220; _builder_version=&#8220;4.4.7&#8243;][\/et_pb_image][\/et_pb_column][\/et_pb_row][et_pb_row _builder_version=&#8220;4.4.7&#8243;][et_pb_column type=&#8220;4_4&#8243; _builder_version=&#8220;4.4.7&#8243;][et_pb_text _builder_version=&#8220;4.4.7&#8243;]<\/p>\n<h3>Enfin, et surtout...<\/h3>\n<p>En tant que service linguistique, nous sommes li\u00e9s par la norme DIN 2345, qui nous soutient dans notre travail quotidien. C'est la base d'une qualit\u00e9 de traduction optimale.<\/p>\n<p>La mise en \u0153uvre coh\u00e9rente de la norme DIN 2345 et l'utilisation du syst\u00e8me de m\u00e9moire de traduction \u00ab\u00a0Trados Workbench et Multiterm\u00a0\u00bb permettent d'obtenir de bons r\u00e9sultats dans chaque langue. Le travail de terminologie et l'assurance qualit\u00e9 sont nos principales priorit\u00e9s.<\/p>\n<p><strong>Par cons\u00e9quent, nos traducteurs qualifi\u00e9s de langue maternelle travaillent de mani\u00e8re efficace et rentable. Cela nous permet de garantir un prix comp\u00e9titif, une bonne qualit\u00e9 et des d\u00e9lais d'ex\u00e9cution courts.<\/strong><\/p>\n<p>[\/et_pb_text][\/et_pb_column][\/et_pb_row][\/et_pb_section]<\/p>","protected":false},"excerpt":{"rendered":"<p>Unser T\u00e4tigkeitsgebiet &#8230;ein kleiner Exkurs \u00fcber &#8218;exotische Sprachen&#8217;Chinesisch wird in der Regel von links nach rechts geschrieben, in einzelnen F\u00e4llen bei z. B. Plakaten oder Annoncen von oben nach unten. Der Zeichenumfang asiatischer Sprachen ist sehr gro\u00df. Zum Vergleich: eine Arial f\u00fcr eine westliche, f\u00fcr die kyrillische, baltische, griechische, osteurop\u00e4ische, russische, arabische, hebr\u00e4ische und t\u00fcrkische [&hellip;]<\/p>","protected":false},"author":1,"featured_media":0,"parent":0,"menu_order":0,"comment_status":"closed","ping_status":"closed","template":"","meta":{"_et_pb_use_builder":"on","_et_pb_old_content":"<!-- wp:columns -->\n<div class=\"wp-block-columns\"><!-- wp:column -->\n<div class=\"wp-block-column\"><!-- wp:paragraph {\"fontSize\":\"large\"} -->\n<p class=\"has-large-font-size\">Chinesisch wird in der Regel von links nach rechts geschrieben, in einzelnen F\u00e4llen bei z. B. Plakaten oder Annoncen von oben nach unten. Zudem ist der Zeichenumfang asiatischer Sprachen sehr gro\u00df. Zum Vergleich: eine Arial f\u00fcr eine westliche, f\u00fcr die kyrillische, baltische, griechische, osteurop\u00e4ische, russische, arabische, hebr\u00e4ische und t\u00fcrkische Sprache hat eine Dateigr\u00f6\u00dfe von 266 KByte, eine asiatische dagegen 10499 KByte.<br>Arabisch wird von rechts nach links geschrieben.<\/p>\n<!-- \/wp:paragraph --><\/div>\n<!-- \/wp:column -->\n\n<!-- wp:column -->\n<div class=\"wp-block-column\"><!-- wp:paragraph {\"fontSize\":\"large\"} -->\n<p class=\"has-large-font-size\">Editierbare Zeichen sind in Word f\u00fcr Windows nach Installation der Sprachenunterst\u00fctzung vorhanden. Die notwendigen Schriftarten werden ebenfalls mitinstalliert.Um chinesische Schriftzeichen zu erhalten, ben\u00f6tigt man zudem noch ein Eingabesystem, welches dem Benutzer erm\u00f6glicht, ein Zeichen aufgrund einer westlichen Buchstabenfolge einzugeben. Dies ist im Lieferumfang des Internet Explorers enthalten und nennt sich Global IME (Input Method Editor).F\u00fcr Arabisch ben\u00f6tigt man hingegen die M\u00f6glichkeit, Text rechts auszurichten und von rechts her zu schreiben. Diese Unterst\u00fctzung wird im Programm MS Office Spracheinstellungen aktiviert.<\/p>\n<!-- \/wp:paragraph --><\/div>\n<!-- \/wp:column --><\/div>\n<!-- \/wp:columns -->\n\n<!-- wp:image {\"align\":\"center\",\"id\":144,\"sizeSlug\":\"large\"} -->\n<div class=\"wp-block-image\"><figure class=\"aligncenter size-large\"><img src=\"https:\/\/dokutec.de\/wp-content\/uploads\/2020\/07\/et5mfj1eb94-1024x683.jpg\" alt=\"white pencil beside book\" class=\"wp-image-144\"\/><\/figure><\/div>\n<!-- \/wp:image -->\n\n<!-- wp:columns -->\n<div class=\"wp-block-columns\"><!-- wp:column -->\n<div class=\"wp-block-column\"><!-- wp:paragraph {\"fontSize\":\"large\"} -->\n<p class=\"has-large-font-size\">Anmerkung zur Navigation in Rechts-nach-Links-Sprachen (Word f\u00fcr Windows)<br>Die Navigation in RNL-Sprachen (arabisch, hebr\u00e4isch) gestaltet sich sehr komplex, da z. B. Zahlenfolgen wieder von LNR geschrieben werden. Somit kann keine kontinuierliche Regelung festgelegt werden. Markieren, Vorw\u00e4rts- und R\u00fcckw\u00e4rtsl\u00f6schen wie auch das Navigieren durch das Dokument werden zu einem Erlebnis.Visuell sind Positionen 6+4 und 5+3 gleich, besitzen jedoch unterschiedliche Richtungen.<\/p>\n<!-- \/wp:paragraph --><\/div>\n<!-- \/wp:column -->\n\n<!-- wp:column -->\n<div class=\"wp-block-column\"><!-- wp:paragraph {\"fontSize\":\"large\"} -->\n<p class=\"has-large-font-size\">Visuell ist die Richtung nicht zu erkennen, deshalb muss probiert werden, in welche Richtung sich der Cursor bewegt. Die Position 3 kann nur nach 2 erreicht werden und 5 erst nach 4. Beim Markieren verh\u00e4lt es sich ebenso. In den meisten F\u00e4llen muss daher der Cursor erst 1 bis 2 Zeichen zur\u00fcck positioniert werden, um dann beim Start der Markierung von der richtigen Position ausgehen zu k\u00f6nnen. Tabulatoren und Leerzeichen wechseln zudem gerne die Richtung, da sie nicht nur einer Sprache zuzuordnen sind. Somit ist die Navigation selbst in rein westlichem Text komplex, weil sich ein arabisches Leerzeichen im Text verstecken k\u00f6nnte. Nachteilig wirkt sich auch der Umstand aus, dass westlicher Text als arabisch markierter Text nicht auf westlichen Text zur\u00fcckgestellt werden kann, au\u00dfer durch erneutes Einsetzen als westlicher Text.<\/p>\n<!-- \/wp:paragraph --><\/div>\n<!-- \/wp:column --><\/div>\n<!-- \/wp:columns -->\n\n<!-- wp:paragraph {\"fontSize\":\"large\"} -->\n<p class=\"has-large-font-size\"><br><br> <br>Im Arbeitsablauf ist es derzeit so, dass unsere Kunden zuerst das Word-Dokument zur Korrektur erhalten und dieses Dokument von ihrer zust\u00e4ndigen Auslandsvertretung oder \u00e4hnlichem pr\u00fcfen lassen. Die erforderlichen Korrekturen arbeiten wir wieder in Word ein. Nach Abschluss des Lektorats wird das Layout nochmals exakt an die Vorlage angeglichen. Dabei werden einzelne EPS-Dateien exportiert (vektorielles Dateiformat) und in die g\u00e4ngigen DTP-Programme \u00fcbernommen. Dort wird die Passgenauigkeit durch Probeausdrucke \u00fcberpr\u00fcft und die Word-Datei entsprechend angeglichen. Da EPS-Dateien nur max. 1 Seite enthalten d\u00fcrfen, muss das Dokument seitenweise exportiert werden. Das l\u00e4sst sich am leichtesten durch ein kleines Makro erledigen. Die Dokumente werden zur Endkontrolle nochmals ausgedruckt. Als Referenz verweisen wir u. a. auf Baier &amp; K\u00f6ppel GmbH &amp; Co. KG, VDMA und Karl Mayer Textilmaschinenfabrik, deren Dokumente und Kataloge wir in Arabisch bzw. Chinesisch bearbeitet haben.<br>Bei Auftr\u00e4gen dieser Komplexit\u00e4t ist es erforderlich, dass der Auftraggeber nach Endpr\u00fcfung eine Freizeichnung (Formular) schriftlich mit dem Satzb\u00fcro bzw. \u00dcbersetzer vereinbart. Denn gerade bei diesen Sprachen k\u00f6nnen nach dem Druck von gro\u00dfen Auflagen doch noch Fehler im Verwendungsland (z.B. China) entdeckt werden, was zu der Frage \"Wer haftet nun f\u00fcr die hohen Druckkosten?\" f\u00fchren k\u00f6nnte. Hier sind oftmals die Druckkosten um ein Vielfaches h\u00f6her als der erzielte Umsatz eines Projektes, so dass eine Haftung erst gar nicht eintreten darf.<br>Als Sprachendienst ist f\u00fcr uns die DIN-Norm 2345 bindend, die uns bei der t\u00e4glichen Arbeit unterst\u00fctzt. Sie ist die Grundlage f\u00fcr eine optimale \u00dcbersetzungsqualit\u00e4t.<br>Die konsequente Umsetzung der DIN 2345 und der Einsatz der Translation-Memory-Systeme \"Trados Workbench und Multiterm\", sowie \"Star-Transit und Termstar\" f\u00fchren in jeder Sprache zu optimalen Ergebnissen. Terminologiearbeit und Qualit\u00e4tssicherung stehen bei uns an oberster Stelle.<br>Unsere qualifizierten muttersprachlichen \u00dcbersetzerInnen arbeiten dadurch effizient und kosteng\u00fcnstig. Dadurch ist es m\u00f6glich, einen marktgerechten Preis, gute Qualit\u00e4t und kurze Durchlaufzeiten zu gew\u00e4hrleisten.<\/p>\n<!-- \/wp:paragraph -->","_et_gb_content_width":"","footnotes":""},"class_list":["post-84","page","type-page","status-publish","hentry"],"_links":{"self":[{"href":"https:\/\/dokutec.de\/fr\/wp-json\/wp\/v2\/pages\/84","targetHints":{"allow":["GET"]}}],"collection":[{"href":"https:\/\/dokutec.de\/fr\/wp-json\/wp\/v2\/pages"}],"about":[{"href":"https:\/\/dokutec.de\/fr\/wp-json\/wp\/v2\/types\/page"}],"author":[{"embeddable":true,"href":"https:\/\/dokutec.de\/fr\/wp-json\/wp\/v2\/users\/1"}],"replies":[{"embeddable":true,"href":"https:\/\/dokutec.de\/fr\/wp-json\/wp\/v2\/comments?post=84"}],"version-history":[{"count":17,"href":"https:\/\/dokutec.de\/fr\/wp-json\/wp\/v2\/pages\/84\/revisions"}],"predecessor-version":[{"id":1477,"href":"https:\/\/dokutec.de\/fr\/wp-json\/wp\/v2\/pages\/84\/revisions\/1477"}],"wp:attachment":[{"href":"https:\/\/dokutec.de\/fr\/wp-json\/wp\/v2\/media?parent=84"}],"curies":[{"name":"wp","href":"https:\/\/api.w.org\/{rel}","templated":true}]}}