{"id":231,"date":"2020-08-17T16:20:07","date_gmt":"2020-08-17T14:20:07","guid":{"rendered":"https:\/\/dokutec.de\/?page_id=231"},"modified":"2023-07-22T20:34:07","modified_gmt":"2023-07-22T18:34:07","slug":"anleitungen","status":"publish","type":"page","link":"https:\/\/dokutec.de\/es\/anleitungen\/","title":{"rendered":"Instrucciones de servicio CE"},"content":{"rendered":"<p>[et_pb_section fb_built=&#8220;1&#8243; _builder_version=&#8220;3.22&#8243;][et_pb_row padding_mobile=&#8220;off&#8220; column_padding_mobile=&#8220;on&#8220; admin_label=&#8220;row&#8220; _builder_version=&#8220;4.4.7&#8243; background_size=&#8220;initial&#8220; background_position=&#8220;top_left&#8220; background_repeat=&#8220;repeat&#8220; custom_padding=&#8220;67px|||||&#8220; make_fullwidth=&#8220;off&#8220; use_custom_width=&#8220;off&#8220; width_unit=&#8220;on&#8220;][et_pb_column type=&#8220;4_4&#8243; _builder_version=&#8220;3.25&#8243; custom_padding=&#8220;|||&#8220; custom_padding__hover=&#8220;|||&#8220;][et_pb_text admin_label=&#8220;Text&#8220; _builder_version=&#8220;4.4.7&#8243; background_size=&#8220;initial&#8220; background_position=&#8220;top_left&#8220; background_repeat=&#8220;repeat&#8220; text_orientation=&#8220;center&#8220; module_alignment=&#8220;center&#8220; custom_padding=&#8220;9px|||||&#8220;]<\/p>\n<h1>Manuales de instrucciones de todo tipo<\/h1>\n<p>[\/et_pb_text][et_pb_divider color=&#8220;#919191&#8243; disabled_on=&#8220;on|on|off&#8220; admin_label=&#8220;Teiler&#8220; _builder_version=&#8220;3.23.4&#8243; height=&#8220;2px&#8220;] [\/et_pb_divider][\/et_pb_column][\/et_pb_row][et_pb_row column_structure=&#8220;1_3,1_3,1_3&#8243; _builder_version=&#8220;4.4.7&#8243;][et_pb_column type=&#8220;1_3&#8243; _builder_version=&#8220;4.4.7&#8243;][et_pb_blurb title=&#8220;CE-Betriebsanleitungen&#8220; use_icon=&#8220;on&#8220; font_icon=&#8220;%%75%%&#8220; _builder_version=&#8220;4.8.2&#8243;]<\/p>\n<p>Desde 1990 redact\u00e1bamos manuales t\u00e9cnicos, instrucciones de montaje y de mantenimiento seg\u00fan los respectivos requisitos normativos, como p.ej. DIN 8418 y directivas EU.<\/p>\n<p>Nos concentr\u00e1bamos en la construcci\u00f3n y el uso de maquinaria, instalaciones y veh\u00edculos. Eso inclu\u00eda instrucciones de servicio y de uso para la construcci\u00f3n de prensas y sus sistemas de control, igual que instrucciones de reparaci\u00f3n para la construcci\u00f3n de cajas de cambios para veh\u00edculos o manuales en idiomas extranjeros para m\u00e1quinas-herramienta, equipos y construcci\u00f3n de aparatos.<\/p>\n<p>De todo esto se desarrollaba nuestra actividad traductora para instrucciones y documentaciones t\u00e9cnicas.<\/p>\n<p>[\/et_pb_blurb][\/et_pb_column][et_pb_column type=&#8220;1_3&#8243; _builder_version=&#8220;4.4.7&#8243;][et_pb_blurb title=&#8220;Montageanleitungen&#8220; use_icon=&#8220;on&#8220; font_icon=&#8220;%%75%%&#8220; _builder_version=&#8220;4.8.2&#8243; hover_enabled=&#8220;0&#8243; sticky_enabled=&#8220;0&#8243;]<\/p>\n<p>Despu\u00e9s de conocer a fondo el producto, compil\u00e1bamos los textos e ilustraciones detalladas o fotos de las etapas de montaje.<br \/>Nuestra experiencia se basa en la construcci\u00f3n de engranajes (instrucciones de reparaci\u00f3n) y en la construcci\u00f3n de equipos (montaje de m\u00f3dulos).<br \/>Pod\u00edamos desmontar equipos y engranajes en nuestro propio taller y documentar las fases por video. El redactor escrib\u00eda los textos en el escritorio con la ayuda del video y seleccionaba las fotos del montaje como imagen unitaria. Las im\u00e1genes eran retocadas en Photoshop y adaptadas para impresos de alta calidad.<\/p>\n<p>[\/et_pb_blurb][\/et_pb_column][et_pb_column type=&#8220;1_3&#8243; _builder_version=&#8220;4.4.7&#8243;][et_pb_blurb title=&#8220;Wartungsanleitungen&#8220; use_icon=&#8220;on&#8220; font_icon=&#8220;%%75%%&#8220; _builder_version=&#8220;4.8.2&#8243;]<\/p>\n<p>En base de las normas DIN 8659 y DIN 11042 redact\u00e1bamos manuales de mantenimiento con los textos explicativos e instrucciones de mantenimiento y lubricaci\u00f3n,<\/p>\n<p>Considerando las preferencias del cliente.<\/p>\n<p>Si era necesario, nuestros redactores trabajaban en el mismo sitio de construcci\u00f3n para obtener las informaciones lo m\u00e1s \u201efrescas\u201c posible.<\/p>\n<p>[\/et_pb_blurb][\/et_pb_column][\/et_pb_row][\/et_pb_section]<\/p>","protected":false},"excerpt":{"rendered":"<p>Anleitungen aller Art Seit 1990 fertigen wir Technische Handb\u00fccher, Montage- und Wartungsanleitungen nach den jeweiligen normativen Anforderungen, wie z. B. DIN 8418 und EU-Richtlinien. Schwerpunkte sind Maschinen-, Anlagen- sowie Fahrzeugbau. Hierzu z\u00e4hlten Betriebs- und Bedienungsanleitungen f\u00fcr Pressenbau bzw. -steuerung genauso wie Reparaturanleitungen f\u00fcr den Fahrzeug-Getriebebau oder fremdsprachliche Handb\u00fccher f\u00fcr Werkzeugmaschinen, Anlagen und Ger\u00e4tebau. Daraus entwickelte [&hellip;]<\/p>","protected":false},"author":4,"featured_media":0,"parent":0,"menu_order":0,"comment_status":"closed","ping_status":"closed","template":"","meta":{"_et_pb_use_builder":"on","_et_pb_old_content":"<!-- wp:paragraph {\"fontSize\":\"large\"} -->\n<p class=\"has-large-font-size\">Seit 1990 fertigen wir Technische Handb\u00fccher nach den jeweiligen normativen Anforderungen an, wie z. B. DIN 8418 und EU-Richtlinien. <br>Schwerpunkte sind Maschinen-, Anlagen- sowie Fahrzeugbau. Hierzu z\u00e4hlen Betriebs- und Bedienungsanleitungen f\u00fcr Pressenbau bzw. -steuerung genauso wie Reparaturanleitungen f\u00fcr den Fahrzeug-Getriebebau oder fremdsprachliche Handb\u00fccher f\u00fcr Werkzeugmaschinen, Anlagen und Ger\u00e4tebau. <br>Auf klare produktspezifische Strukturierung und Verst\u00e4ndlichkeit der Textbausteine legen wir ebenso gro\u00dfen Wert wie auf den Einsatz von selbsterkl\u00e4renden Piktogrammen in Kombination mit 3D-Darstellungen als Strichgrafik.<\/p>\n<!-- \/wp:paragraph -->\n\n<!-- wp:paragraph {\"fontSize\":\"large\"} -->\n<p class=\"has-large-font-size\">Interleaf, FrameMaker, PageMaker, QuarkXpress und WinWord sind die Programme, die wir je nach Kundenwunsch daf\u00fcr einsetzen.<\/p>\n<!-- \/wp:paragraph -->","_et_gb_content_width":"1080","footnotes":""},"class_list":["post-231","page","type-page","status-publish","hentry"],"_links":{"self":[{"href":"https:\/\/dokutec.de\/es\/wp-json\/wp\/v2\/pages\/231","targetHints":{"allow":["GET"]}}],"collection":[{"href":"https:\/\/dokutec.de\/es\/wp-json\/wp\/v2\/pages"}],"about":[{"href":"https:\/\/dokutec.de\/es\/wp-json\/wp\/v2\/types\/page"}],"author":[{"embeddable":true,"href":"https:\/\/dokutec.de\/es\/wp-json\/wp\/v2\/users\/4"}],"replies":[{"embeddable":true,"href":"https:\/\/dokutec.de\/es\/wp-json\/wp\/v2\/comments?post=231"}],"version-history":[{"count":9,"href":"https:\/\/dokutec.de\/es\/wp-json\/wp\/v2\/pages\/231\/revisions"}],"predecessor-version":[{"id":1479,"href":"https:\/\/dokutec.de\/es\/wp-json\/wp\/v2\/pages\/231\/revisions\/1479"}],"wp:attachment":[{"href":"https:\/\/dokutec.de\/es\/wp-json\/wp\/v2\/media?parent=231"}],"curies":[{"name":"wp","href":"https:\/\/api.w.org\/{rel}","templated":true}]}}